{"id":71559,"date":"2025-02-21T19:22:41","date_gmt":"2025-02-21T18:22:41","guid":{"rendered":"https:\/\/boutiquemariagedigital.fr\/?page_id=71559"},"modified":"2025-02-21T19:24:54","modified_gmt":"2025-02-21T18:24:54","slug":"conditions-generales-de-vente-cgv","status":"publish","type":"page","link":"https:\/\/boutiquemariagedigital.fr\/index.php\/conditions-generales-de-vente-cgv\/","title":{"rendered":"Conditions G\u00e9n\u00e9rales de Vente (CGV)"},"content":{"rendered":"<p>[et_pb_section fb_built=\u00a0\u00bb1&Prime; _builder_version=\u00a0\u00bb4.27.4&Prime; _module_preset=\u00a0\u00bbdefault\u00a0\u00bb background_enable_color=\u00a0\u00bboff\u00a0\u00bb background_image=\u00a0\u00bbhttps:\/\/boutiquemariagedigital.fr\/wp-content\/uploads\/2025\/02\/Gravure-laser-88-scaled.jpg\u00a0\u00bb background_position=\u00a0\u00bbbottom_center\u00a0\u00bb background_vertical_offset=\u00a0\u00bb10%\u00a0\u00bb custom_padding=\u00a0\u00bb0px||60px|||\u00a0\u00bb hover_enabled=\u00a0\u00bb0&Prime; global_colors_info=\u00a0\u00bb{}\u00a0\u00bb theme_builder_area=\u00a0\u00bbpost_content\u00a0\u00bb title_text=\u00a0\u00bbGravure laser-88&Prime; sticky_enabled=\u00a0\u00bb0&Prime;][et_pb_row use_custom_gutter=\u00a0\u00bbon\u00a0\u00bb gutter_width=\u00a0\u00bb2&Prime; make_equal=\u00a0\u00bbon\u00a0\u00bb custom_padding_last_edited=\u00a0\u00bbon|phone\u00a0\u00bb _builder_version=\u00a0\u00bb4.27.4&Prime; _module_preset=\u00a0\u00bbdefault\u00a0\u00bb width=\u00a0\u00bb90%\u00a0\u00bb width_tablet=\u00a0\u00bb90%\u00a0\u00bb width_phone=\u00a0\u00bb90%\u00a0\u00bb width_last_edited=\u00a0\u00bbon|desktop\u00a0\u00bb max_width_tablet=\u00a0\u00bb90%\u00a0\u00bb max_width_phone=\u00a0\u00bb90%\u00a0\u00bb max_width_last_edited=\u00a0\u00bboff|desktop\u00a0\u00bb custom_margin=\u00a0\u00bb||||false|false\u00a0\u00bb custom_padding=\u00a0\u00bb80px||80px||true|false\u00a0\u00bb custom_padding_tablet=\u00a0\u00bb20vh||20vh||true|false\u00a0\u00bb custom_padding_phone=\u00a0\u00bb15vh||15vh||true|false\u00a0\u00bb hover_enabled=\u00a0\u00bb0&Prime; global_colors_info=\u00a0\u00bb{}\u00a0\u00bb theme_builder_area=\u00a0\u00bbpost_content\u00a0\u00bb sticky_enabled=\u00a0\u00bb0&Prime;][et_pb_column type=\u00a0\u00bb4_4&Prime; _builder_version=\u00a0\u00bb4.16&Prime; _module_preset=\u00a0\u00bbdefault\u00a0\u00bb global_colors_info=\u00a0\u00bb{}\u00a0\u00bb theme_builder_area=\u00a0\u00bbpost_content\u00a0\u00bb][et_pb_image use_custom_gutter=\u00a0\u00bbon\u00a0\u00bb gutter_width=\u00a0\u00bb2&Prime; make_equal=\u00a0\u00bbon\u00a0\u00bb width=\u00a0\u00bb100%\u00a0\u00bb custom_padding=\u00a0\u00bb||||true|false\u00a0\u00bb src=\u00a0\u00bbhttps:\/\/boutiquemariagedigital.fr\/wp-content\/uploads\/2025\/02\/7.png\u00a0\u00bb title_text=\u00a0\u00bb7&Prime; _builder_version=\u00a0\u00bb4.27.4&Prime; _module_preset=\u00a0\u00bb_initial\u00a0\u00bb hover_enabled=\u00a0\u00bb0&Prime; global_colors_info=\u00a0\u00bb{}\u00a0\u00bb theme_builder_area=\u00a0\u00bbpost_content\u00a0\u00bb sticky_enabled=\u00a0\u00bb0&Prime; align=\u00a0\u00bbcenter\u00a0\u00bb][\/et_pb_image][\/et_pb_column][\/et_pb_row][\/et_pb_section][et_pb_section fb_built=\u00a0\u00bb1&Prime; admin_label=\u00a0\u00bbCreer avec coeur\u00a0\u00bb _builder_version=\u00a0\u00bb4.27.4&Prime; _module_preset=\u00a0\u00bbdefault\u00a0\u00bb background_enable_color=\u00a0\u00bboff\u00a0\u00bb custom_padding=\u00a0\u00bb|0px||0px|true|false\u00a0\u00bb global_colors_info=\u00a0\u00bb{}\u00a0\u00bb theme_builder_area=\u00a0\u00bbpost_content\u00a0\u00bb][et_pb_row _builder_version=\u00a0\u00bb4.27.4&Prime; _module_preset=\u00a0\u00bbdefault\u00a0\u00bb background_enable_color=\u00a0\u00bboff\u00a0\u00bb background_image=\u00a0\u00bbhttps:\/\/boutiquemariagedigital.fr\/wp-content\/uploads\/2025\/02\/Gravure-laser-55-scaled.jpg\u00a0\u00bb background_position=\u00a0\u00bbtop_center\u00a0\u00bb custom_padding=\u00a0\u00bb325px|0px|228px|0px|false|false\u00a0\u00bb hover_enabled=\u00a0\u00bb0&Prime; global_colors_info=\u00a0\u00bb{}\u00a0\u00bb theme_builder_area=\u00a0\u00bbpost_content\u00a0\u00bb title_text=\u00a0\u00bbLivre d&rsquo;or\u00a0\u00bb sticky_enabled=\u00a0\u00bb0&Prime;][et_pb_column type=\u00a0\u00bb4_4&Prime; _builder_version=\u00a0\u00bb4.27.4&Prime; _module_preset=\u00a0\u00bbdefault\u00a0\u00bb background_image=\u00a0\u00bbhttps:\/\/boutiquemariagedigital.fr\/wp-content\/uploads\/2025\/02\/Gravure-laser-75-scaled-1.jpg\u00a0\u00bb custom_padding=\u00a0\u00bb|||\u00a0\u00bb global_colors_info=\u00a0\u00bb{}\u00a0\u00bb custom_padding__hover=\u00a0\u00bb|||\u00a0\u00bb theme_builder_area=\u00a0\u00bbpost_content\u00a0\u00bb][\/et_pb_column][\/et_pb_row][et_pb_row padding_top_bottom_link_1=\u00a0\u00bbfalse\u00a0\u00bb _builder_version=\u00a0\u00bb4.27.4&Prime; _module_preset=\u00a0\u00bbdefault\u00a0\u00bb background_color=\u00a0\u00bb#ffffff\u00a0\u00bb max_width=\u00a0\u00bb786px\u00a0\u00bb custom_margin=\u00a0\u00bb-173px|||\u00a0\u00bb custom_padding=\u00a0\u00bb||||true|false\u00a0\u00bb use_custom_width=\u00a0\u00bbon\u00a0\u00bb custom_width_px=\u00a0\u00bb786px\u00a0\u00bb global_colors_info=\u00a0\u00bb{}\u00a0\u00bb theme_builder_area=\u00a0\u00bbpost_content\u00a0\u00bb][et_pb_column type=\u00a0\u00bb4_4&Prime; _builder_version=\u00a0\u00bb4.16&Prime; _module_preset=\u00a0\u00bbdefault\u00a0\u00bb custom_padding=\u00a0\u00bb|||\u00a0\u00bb global_colors_info=\u00a0\u00bb{}\u00a0\u00bb custom_padding__hover=\u00a0\u00bb|||\u00a0\u00bb theme_builder_area=\u00a0\u00bbpost_content\u00a0\u00bb][et_pb_image use_custom_gutter=\u00a0\u00bbon\u00a0\u00bb gutter_width=\u00a0\u00bb2&Prime; make_equal=\u00a0\u00bbon\u00a0\u00bb max_width=\u00a0\u00bb207px\u00a0\u00bb custom_padding=\u00a0\u00bb0vh||0vh||true|false\u00a0\u00bb src=\u00a0\u00bbhttps:\/\/boutiquemariagedigital.fr\/wp-content\/uploads\/2025\/02\/Atelier-Lumabois-800&#215;200-maron.png\u00a0\u00bb title_text=\u00a0\u00bbAtelier Lumabois 800&#215;200 maron\u00a0\u00bb _builder_version=\u00a0\u00bb4.27.4&Prime; _module_preset=\u00a0\u00bb_initial\u00a0\u00bb module_alignment=\u00a0\u00bbcenter\u00a0\u00bb custom_margin=\u00a0\u00bb||-6px||false|false\u00a0\u00bb global_colors_info=\u00a0\u00bb{}\u00a0\u00bb theme_builder_area=\u00a0\u00bbpost_content\u00a0\u00bb][\/et_pb_image][et_pb_text _builder_version=\u00a0\u00bb4.27.4&Prime; _module_preset=\u00a0\u00bbdefault\u00a0\u00bb text_font=\u00a0\u00bb|300|||||||\u00a0\u00bb text_text_color=\u00a0\u00bb#000000&Prime; text_font_size=\u00a0\u00bb15px\u00a0\u00bb text_line_height=\u00a0\u00bb1.8em\u00a0\u00bb header_font=\u00a0\u00bb|600|||||||\u00a0\u00bb header_text_align=\u00a0\u00bbcenter\u00a0\u00bb header_text_color=\u00a0\u00bb#000000&Prime; header_line_height=\u00a0\u00bb1.4em\u00a0\u00bb header_2_text_color=\u00a0\u00bb#7d8758&Prime; background_color=\u00a0\u00bb#ffffff\u00a0\u00bb text_orientation=\u00a0\u00bbcenter\u00a0\u00bb max_width=\u00a0\u00bb71%\u00a0\u00bb module_alignment=\u00a0\u00bbcenter\u00a0\u00bb custom_margin=\u00a0\u00bb||-1px|||\u00a0\u00bb custom_padding=\u00a0\u00bb||21px||false|true\u00a0\u00bb hover_enabled=\u00a0\u00bb0&Prime; header_font_size_tablet=\u00a0\u00bb\u00a0\u00bb header_font_size_phone=\u00a0\u00bb20px\u00a0\u00bb header_font_size_last_edited=\u00a0\u00bbon|desktop\u00a0\u00bb global_colors_info=\u00a0\u00bb{}\u00a0\u00bb theme_builder_area=\u00a0\u00bbpost_content\u00a0\u00bb sticky_enabled=\u00a0\u00bb0&Prime;]<\/p>\n<h2><span data-token-index=\"0\" class=\"notion-enable-hover\">Conditions G\u00e9n\u00e9rales de Vente<\/span><br \/><!-- notionvc: 11d323a5-abc8-4534-8d68-e45429750dc2 --><\/h2>\n<p>[\/et_pb_text][et_pb_text _builder_version=\u00a0\u00bb4.27.4&Prime; _module_preset=\u00a0\u00bbdefault\u00a0\u00bb text_font=\u00a0\u00bb|500|||||||\u00a0\u00bb text_text_color=\u00a0\u00bb#000000&Prime; text_font_size=\u00a0\u00bb12px\u00a0\u00bb text_letter_spacing=\u00a0\u00bb1px\u00a0\u00bb text_line_height=\u00a0\u00bb1.4em\u00a0\u00bb header_3_font=\u00a0\u00bbPoppins||||||||\u00a0\u00bb header_3_text_align=\u00a0\u00bbcenter\u00a0\u00bb header_3_font_size=\u00a0\u00bb20px\u00a0\u00bb text_orientation=\u00a0\u00bbcenter\u00a0\u00bb custom_margin=\u00a0\u00bb||||false|false\u00a0\u00bb custom_padding=\u00a0\u00bb|20px||20px|false|false\u00a0\u00bb hover_enabled=\u00a0\u00bb0&Prime; global_colors_info=\u00a0\u00bb{}\u00a0\u00bb theme_builder_area=\u00a0\u00bbpost_content\u00a0\u00bb sticky_enabled=\u00a0\u00bb0&Prime;]<\/p>\n<h3><strong>1. Champ d&rsquo;application<\/strong><\/h3>\n<p><strong><\/strong><\/p>\n<p>Les pr\u00e9sentes conditions g\u00e9n\u00e9rales de vente (CGV) s&rsquo;appliquent \u00e0 toutes les commandes pass\u00e9es sur le site <strong>Atelier Lumabois<\/strong>. Toute commande implique l&rsquo;acceptation sans r\u00e9serve des pr\u00e9sentes CGV.<\/p>\n<p>&nbsp;<\/p>\n<h3><strong>2. Produits<\/strong><\/h3>\n<p><strong><\/strong><\/p>\n<p>Les produits propos\u00e9s par Atelier Lumabois sont des cr\u00e9ations artisanales r\u00e9alis\u00e9es sur mesure selon les sp\u00e9cifications du client. Chaque article est unique et peut pr\u00e9senter de l\u00e9g\u00e8res variations par rapport aux photos pr\u00e9sent\u00e9es sur le site.<\/p>\n<p>&nbsp;<\/p>\n<h3><strong>3. Commandes<\/strong><\/h3>\n<p><strong><\/strong><\/p>\n<p>Les commandes sont valid\u00e9es uniquement apr\u00e8s r\u00e9ception du paiement complet. Une confirmation de commande est envoy\u00e9e par e-mail au client, r\u00e9capitulant les d\u00e9tails de la commande.<\/p>\n<p>&nbsp;<\/p>\n<h3><strong>4. Prix<\/strong><\/h3>\n<p><strong><\/strong><\/p>\n<p>Les prix sont indiqu\u00e9s en euros toutes taxes comprises (TTC). Les frais de livraison sont pr\u00e9cis\u00e9s lors de la validation de la commande et sont \u00e0 la charge du client, sauf mention contraire.<\/p>\n<p>&nbsp;<\/p>\n<h3><strong>5. Paiement<\/strong><\/h3>\n<p><strong><\/strong><\/p>\n<p>Les paiements s&rsquo;effectuent via les moyens s\u00e9curis\u00e9s propos\u00e9s sur le site. La commande est trait\u00e9e uniquement apr\u00e8s validation du paiement.<\/p>\n<p>&nbsp;<\/p>\n<h3><strong>6. Livraison<\/strong><\/h3>\n<p><strong><\/strong><\/p>\n<p>Les d\u00e9lais de livraison sont donn\u00e9s \u00e0 titre indicatif. Atelier Lumabois ne saurait \u00eatre tenu responsable des retards dus aux transporteurs ou \u00e0 des circonstances exceptionnelles. Le client est tenu de v\u00e9rifier l&rsquo;\u00e9tat des produits \u00e0 r\u00e9ception et de signaler tout dommage au transporteur.<\/p>\n<p>&nbsp;<\/p>\n<h3><strong>7. Droit de r\u00e9tractation et retours<\/strong><\/h3>\n<p><strong><\/strong><\/p>\n<p>Conform\u00e9ment \u00e0 l\u2019article L221-28 du Code de la consommation, le droit de r\u00e9tractation ne s\u2019applique pas aux produits confectionn\u00e9s selon les sp\u00e9cifications du client ou nettement personnalis\u00e9s. <strong>Aucun retour ni \u00e9change n\u2019est possible<\/strong> pour les cr\u00e9ations sur mesure d&rsquo;Atelier Lumabois. Veillez \u00e0 v\u00e9rifier attentivement votre commande avant validation.<\/p>\n<p>&nbsp;<\/p>\n<h3><strong>8. Responsabilit\u00e9<\/strong><\/h3>\n<p><strong><\/strong><\/p>\n<p>Atelier Lumabois d\u00e9cline toute responsabilit\u00e9 en cas de mauvaise utilisation des produits ou de non-respect des instructions d\u2019entretien. La responsabilit\u00e9 de l&rsquo;entreprise est limit\u00e9e au montant de la commande.<\/p>\n<p>&nbsp;<\/p>\n<h3><strong>9. Propri\u00e9t\u00e9 intellectuelle<\/strong><\/h3>\n<p><strong><\/strong><\/p>\n<p>Tous les \u00e9l\u00e9ments du site et les cr\u00e9ations r\u00e9alis\u00e9es sont la propri\u00e9t\u00e9 exclusive d\u2019Atelier Lumabois. Toute reproduction sans autorisation est interdite.<\/p>\n<p>&nbsp;<\/p>\n<h3><strong>10. Donn\u00e9es personnelles<\/strong><\/h3>\n<p><strong><\/strong><\/p>\n<p>Les informations personnelles collect\u00e9es sont utilis\u00e9es uniquement pour le traitement des commandes. Elles ne sont ni vendues ni c\u00e9d\u00e9es \u00e0 des tiers.<\/p>\n<p>&nbsp;<\/p>\n<h3><strong>11. Litiges<\/strong><\/h3>\n<p><strong><\/strong><\/p>\n<p>Les pr\u00e9sentes CGV sont r\u00e9gies par le droit fran\u00e7ais. Tout litige relatif \u00e0 leur application ou \u00e0 l\u2019utilisation des services d\u2019Atelier Lumabois sera soumis aux tribunaux comp\u00e9tents.<\/p>\n<p>&nbsp;<\/p>\n<p><em>Ces conditions g\u00e9n\u00e9rales de vente sont \u00e9tablies pour prot\u00e9ger \u00e0 la fois le client et l&rsquo;artisan tout en assurant une transparence totale.<\/em><\/p>\n<h3><!-- notionvc: 508ca18e-feec-41d2-9b8b-85fffd95505c --><\/h3>\n<p data-pm-slice=\"1 1 []\"><!-- notionvc: 811ea6cd-a6a0-4ba6-9b6e-03c35788a4ec --><\/p>\n<p>[\/et_pb_text][et_pb_button button_url=\u00a0\u00bb@ET-DC@eyJkeW5hbWljIjp0cnVlLCJjb250ZW50IjoicG9zdF9saW5rX3VybF9wYWdlIiwic2V0dGluZ3MiOnsicG9zdF9pZCI6IjcxMzU0In19@\u00a0\u00bb url_new_window=\u00a0\u00bbon\u00a0\u00bb button_text=\u00a0\u00bbD\u00e9couvrir l&rsquo;atelier lumabois\u00a0\u00bb button_alignment=\u00a0\u00bbcenter\u00a0\u00bb _builder_version=\u00a0\u00bb4.27.4&Prime; _dynamic_attributes=\u00a0\u00bbbutton_url\u00a0\u00bb _module_preset=\u00a0\u00bbdefault\u00a0\u00bb custom_button=\u00a0\u00bbon\u00a0\u00bb button_text_size=\u00a0\u00bb14px\u00a0\u00bb button_text_color=\u00a0\u00bb#FFFFFF\u00a0\u00bb button_bg_color=\u00a0\u00bb#c5b67b\u00a0\u00bb button_border_width=\u00a0\u00bb0px\u00a0\u00bb button_border_color=\u00a0\u00bb#FFFFFF\u00a0\u00bb button_border_radius=\u00a0\u00bb34px\u00a0\u00bb button_letter_spacing=\u00a0\u00bb0px\u00a0\u00bb button_font=\u00a0\u00bb|600|||||||\u00a0\u00bb button_icon=\u00a0\u00bb&#xf061;||fa||900&Prime; button_icon_color=\u00a0\u00bb#FFFFFF\u00a0\u00bb button_on_hover=\u00a0\u00bboff\u00a0\u00bb custom_margin=\u00a0\u00bb22px||||false|false\u00a0\u00bb custom_padding=\u00a0\u00bb14px|50px|14px|40px|true|false\u00a0\u00bb global_colors_info=\u00a0\u00bb{}\u00a0\u00bb button_bg_color__hover_enabled=\u00a0\u00bbon\u00a0\u00bb button_bg_color__hover=\u00a0\u00bb#bfbfbf\u00a0\u00bb button_letter_spacing__hover_enabled=\u00a0\u00bbon|hover\u00a0\u00bb button_letter_spacing__hover=\u00a0\u00bb0px\u00a0\u00bb button_border_color__hover_enabled=\u00a0\u00bbon\u00a0\u00bb button_border_color__hover=\u00a0\u00bb#bfbfbf\u00a0\u00bb button_text_color__hover_enabled=\u00a0\u00bbon\u00a0\u00bb button_text_color__hover=\u00a0\u00bb#000000&Prime; theme_builder_area=\u00a0\u00bbpost_content\u00a0\u00bb][\/et_pb_button][\/et_pb_column][\/et_pb_row][\/et_pb_section]<\/p>\n","protected":false},"excerpt":{"rendered":"<p>Conditions G\u00e9n\u00e9rales de Vente1. Champ d&rsquo;application Les pr\u00e9sentes conditions g\u00e9n\u00e9rales de vente (CGV) s&rsquo;appliquent \u00e0 toutes les commandes pass\u00e9es sur le site Atelier Lumabois. Toute commande implique l&rsquo;acceptation sans r\u00e9serve des pr\u00e9sentes CGV. &nbsp; 2. Produits Les produits propos\u00e9s par Atelier Lumabois sont des cr\u00e9ations artisanales r\u00e9alis\u00e9es sur mesure selon les sp\u00e9cifications du client. Chaque [&hellip;]<\/p>\n","protected":false},"author":1,"featured_media":0,"parent":0,"menu_order":0,"comment_status":"closed","ping_status":"closed","template":"","meta":{"_et_pb_use_builder":"on","_et_pb_old_content":"","_et_gb_content_width":"","footnotes":""},"class_list":["post-71559","page","type-page","status-publish","hentry"],"_links":{"self":[{"href":"https:\/\/boutiquemariagedigital.fr\/index.php\/wp-json\/wp\/v2\/pages\/71559","targetHints":{"allow":["GET"]}}],"collection":[{"href":"https:\/\/boutiquemariagedigital.fr\/index.php\/wp-json\/wp\/v2\/pages"}],"about":[{"href":"https:\/\/boutiquemariagedigital.fr\/index.php\/wp-json\/wp\/v2\/types\/page"}],"author":[{"embeddable":true,"href":"https:\/\/boutiquemariagedigital.fr\/index.php\/wp-json\/wp\/v2\/users\/1"}],"replies":[{"embeddable":true,"href":"https:\/\/boutiquemariagedigital.fr\/index.php\/wp-json\/wp\/v2\/comments?post=71559"}],"version-history":[{"count":3,"href":"https:\/\/boutiquemariagedigital.fr\/index.php\/wp-json\/wp\/v2\/pages\/71559\/revisions"}],"predecessor-version":[{"id":71573,"href":"https:\/\/boutiquemariagedigital.fr\/index.php\/wp-json\/wp\/v2\/pages\/71559\/revisions\/71573"}],"wp:attachment":[{"href":"https:\/\/boutiquemariagedigital.fr\/index.php\/wp-json\/wp\/v2\/media?parent=71559"}],"curies":[{"name":"wp","href":"https:\/\/api.w.org\/{rel}","templated":true}]}}