{"id":71597,"date":"2025-02-21T19:33:29","date_gmt":"2025-02-21T18:33:29","guid":{"rendered":"https:\/\/boutiquemariagedigital.fr\/?page_id=71597"},"modified":"2025-02-21T19:35:50","modified_gmt":"2025-02-21T18:35:50","slug":"politique-de-retour-et-remboursement","status":"publish","type":"page","link":"https:\/\/boutiquemariagedigital.fr\/index.php\/politique-de-retour-et-remboursement\/","title":{"rendered":"Politique de retour et remboursement"},"content":{"rendered":"<p>[et_pb_section fb_built=\u00a0\u00bb1&Prime; _builder_version=\u00a0\u00bb4.27.4&Prime; _module_preset=\u00a0\u00bbdefault\u00a0\u00bb background_enable_color=\u00a0\u00bboff\u00a0\u00bb background_image=\u00a0\u00bbhttps:\/\/boutiquemariagedigital.fr\/wp-content\/uploads\/2025\/02\/Gravure-laser-190-1-scaled.jpg\u00a0\u00bb background_position=\u00a0\u00bbbottom_center\u00a0\u00bb background_vertical_offset=\u00a0\u00bb10%\u00a0\u00bb custom_padding=\u00a0\u00bb0px||60px|||\u00a0\u00bb hover_enabled=\u00a0\u00bb0&Prime; global_colors_info=\u00a0\u00bb{}\u00a0\u00bb theme_builder_area=\u00a0\u00bbpost_content\u00a0\u00bb title_text=\u00a0\u00bbGravure laser-190&Prime; sticky_enabled=\u00a0\u00bb0&Prime;][et_pb_row use_custom_gutter=\u00a0\u00bbon\u00a0\u00bb gutter_width=\u00a0\u00bb2&Prime; make_equal=\u00a0\u00bbon\u00a0\u00bb custom_padding_last_edited=\u00a0\u00bbon|phone\u00a0\u00bb _builder_version=\u00a0\u00bb4.27.4&Prime; _module_preset=\u00a0\u00bbdefault\u00a0\u00bb width=\u00a0\u00bb90%\u00a0\u00bb width_tablet=\u00a0\u00bb90%\u00a0\u00bb width_phone=\u00a0\u00bb90%\u00a0\u00bb width_last_edited=\u00a0\u00bbon|desktop\u00a0\u00bb max_width_tablet=\u00a0\u00bb90%\u00a0\u00bb max_width_phone=\u00a0\u00bb90%\u00a0\u00bb max_width_last_edited=\u00a0\u00bboff|desktop\u00a0\u00bb custom_margin=\u00a0\u00bb||||false|false\u00a0\u00bb custom_padding=\u00a0\u00bb80px||80px||true|false\u00a0\u00bb custom_padding_tablet=\u00a0\u00bb20vh||20vh||true|false\u00a0\u00bb custom_padding_phone=\u00a0\u00bb15vh||15vh||true|false\u00a0\u00bb global_colors_info=\u00a0\u00bb{}\u00a0\u00bb theme_builder_area=\u00a0\u00bbpost_content\u00a0\u00bb][et_pb_column type=\u00a0\u00bb4_4&Prime; _builder_version=\u00a0\u00bb4.16&Prime; _module_preset=\u00a0\u00bbdefault\u00a0\u00bb global_colors_info=\u00a0\u00bb{}\u00a0\u00bb theme_builder_area=\u00a0\u00bbpost_content\u00a0\u00bb][et_pb_image use_custom_gutter=\u00a0\u00bbon\u00a0\u00bb gutter_width=\u00a0\u00bb2&Prime; make_equal=\u00a0\u00bbon\u00a0\u00bb width=\u00a0\u00bb100%\u00a0\u00bb custom_padding=\u00a0\u00bb||||true|false\u00a0\u00bb src=\u00a0\u00bbhttps:\/\/boutiquemariagedigital.fr\/wp-content\/uploads\/2025\/02\/10-1.png\u00a0\u00bb title_text=\u00a0\u00bb10&Prime; _builder_version=\u00a0\u00bb4.27.4&Prime; _module_preset=\u00a0\u00bb_initial\u00a0\u00bb hover_enabled=\u00a0\u00bb0&Prime; global_colors_info=\u00a0\u00bb{}\u00a0\u00bb theme_builder_area=\u00a0\u00bbpost_content\u00a0\u00bb align=\u00a0\u00bbcenter\u00a0\u00bb sticky_enabled=\u00a0\u00bb0&Prime;][\/et_pb_image][\/et_pb_column][\/et_pb_row][\/et_pb_section][et_pb_section fb_built=\u00a0\u00bb1&Prime; admin_label=\u00a0\u00bbCreer avec coeur\u00a0\u00bb _builder_version=\u00a0\u00bb4.27.4&Prime; _module_preset=\u00a0\u00bbdefault\u00a0\u00bb background_enable_color=\u00a0\u00bboff\u00a0\u00bb custom_padding=\u00a0\u00bb|0px||0px|true|false\u00a0\u00bb global_colors_info=\u00a0\u00bb{}\u00a0\u00bb theme_builder_area=\u00a0\u00bbpost_content\u00a0\u00bb][et_pb_row _builder_version=\u00a0\u00bb4.27.4&Prime; _module_preset=\u00a0\u00bbdefault\u00a0\u00bb background_enable_color=\u00a0\u00bboff\u00a0\u00bb background_image=\u00a0\u00bbhttps:\/\/boutiquemariagedigital.fr\/wp-content\/uploads\/2025\/02\/Gravure-laser-198-scaled.jpg\u00a0\u00bb background_position=\u00a0\u00bbtop_center\u00a0\u00bb custom_padding=\u00a0\u00bb325px|0px|228px|0px|false|false\u00a0\u00bb hover_enabled=\u00a0\u00bb0&Prime; global_colors_info=\u00a0\u00bb{}\u00a0\u00bb theme_builder_area=\u00a0\u00bbpost_content\u00a0\u00bb title_text=\u00a0\u00bbGravure laser-198&Prime; sticky_enabled=\u00a0\u00bb0&Prime;][et_pb_column type=\u00a0\u00bb4_4&Prime; _builder_version=\u00a0\u00bb4.27.4&Prime; _module_preset=\u00a0\u00bbdefault\u00a0\u00bb background_image=\u00a0\u00bbhttps:\/\/boutiquemariagedigital.fr\/wp-content\/uploads\/2025\/02\/Gravure-laser-75-scaled-1.jpg\u00a0\u00bb custom_padding=\u00a0\u00bb|||\u00a0\u00bb global_colors_info=\u00a0\u00bb{}\u00a0\u00bb custom_padding__hover=\u00a0\u00bb|||\u00a0\u00bb theme_builder_area=\u00a0\u00bbpost_content\u00a0\u00bb][\/et_pb_column][\/et_pb_row][et_pb_row padding_top_bottom_link_1=\u00a0\u00bbfalse\u00a0\u00bb _builder_version=\u00a0\u00bb4.27.4&Prime; _module_preset=\u00a0\u00bbdefault\u00a0\u00bb background_color=\u00a0\u00bb#ffffff\u00a0\u00bb max_width=\u00a0\u00bb786px\u00a0\u00bb custom_margin=\u00a0\u00bb-173px|||\u00a0\u00bb custom_padding=\u00a0\u00bb||||true|false\u00a0\u00bb use_custom_width=\u00a0\u00bbon\u00a0\u00bb custom_width_px=\u00a0\u00bb786px\u00a0\u00bb global_colors_info=\u00a0\u00bb{}\u00a0\u00bb theme_builder_area=\u00a0\u00bbpost_content\u00a0\u00bb][et_pb_column type=\u00a0\u00bb4_4&Prime; _builder_version=\u00a0\u00bb4.16&Prime; _module_preset=\u00a0\u00bbdefault\u00a0\u00bb custom_padding=\u00a0\u00bb|||\u00a0\u00bb global_colors_info=\u00a0\u00bb{}\u00a0\u00bb custom_padding__hover=\u00a0\u00bb|||\u00a0\u00bb theme_builder_area=\u00a0\u00bbpost_content\u00a0\u00bb][et_pb_image use_custom_gutter=\u00a0\u00bbon\u00a0\u00bb gutter_width=\u00a0\u00bb2&Prime; make_equal=\u00a0\u00bbon\u00a0\u00bb max_width=\u00a0\u00bb207px\u00a0\u00bb custom_padding=\u00a0\u00bb0vh||0vh||true|false\u00a0\u00bb src=\u00a0\u00bbhttps:\/\/boutiquemariagedigital.fr\/wp-content\/uploads\/2025\/02\/Atelier-Lumabois-800&#215;200-maron.png\u00a0\u00bb title_text=\u00a0\u00bbAtelier Lumabois 800&#215;200 maron\u00a0\u00bb _builder_version=\u00a0\u00bb4.27.4&Prime; _module_preset=\u00a0\u00bb_initial\u00a0\u00bb module_alignment=\u00a0\u00bbcenter\u00a0\u00bb custom_margin=\u00a0\u00bb||-6px||false|false\u00a0\u00bb global_colors_info=\u00a0\u00bb{}\u00a0\u00bb theme_builder_area=\u00a0\u00bbpost_content\u00a0\u00bb][\/et_pb_image][et_pb_text _builder_version=\u00a0\u00bb4.27.4&Prime; _module_preset=\u00a0\u00bbdefault\u00a0\u00bb text_font=\u00a0\u00bb|300|||||||\u00a0\u00bb text_text_color=\u00a0\u00bb#000000&Prime; text_font_size=\u00a0\u00bb15px\u00a0\u00bb text_line_height=\u00a0\u00bb1.8em\u00a0\u00bb header_font=\u00a0\u00bb|600|||||||\u00a0\u00bb header_text_align=\u00a0\u00bbcenter\u00a0\u00bb header_text_color=\u00a0\u00bb#000000&Prime; header_line_height=\u00a0\u00bb1.4em\u00a0\u00bb header_2_text_color=\u00a0\u00bb#7d8758&Prime; background_color=\u00a0\u00bb#ffffff\u00a0\u00bb text_orientation=\u00a0\u00bbcenter\u00a0\u00bb max_width=\u00a0\u00bb71%\u00a0\u00bb module_alignment=\u00a0\u00bbcenter\u00a0\u00bb custom_margin=\u00a0\u00bb||-1px|||\u00a0\u00bb custom_padding=\u00a0\u00bb||21px||false|true\u00a0\u00bb hover_enabled=\u00a0\u00bb0&Prime; header_font_size_tablet=\u00a0\u00bb\u00a0\u00bb header_font_size_phone=\u00a0\u00bb20px\u00a0\u00bb header_font_size_last_edited=\u00a0\u00bbon|desktop\u00a0\u00bb global_colors_info=\u00a0\u00bb{}\u00a0\u00bb theme_builder_area=\u00a0\u00bbpost_content\u00a0\u00bb sticky_enabled=\u00a0\u00bb0&Prime;]<\/p>\n<h2>Politique de retour et remboursement<\/h2>\n<p>[\/et_pb_text][et_pb_text _builder_version=\u00a0\u00bb4.27.4&Prime; _module_preset=\u00a0\u00bbdefault\u00a0\u00bb text_font=\u00a0\u00bb|500|||||||\u00a0\u00bb text_text_color=\u00a0\u00bb#000000&Prime; text_font_size=\u00a0\u00bb12px\u00a0\u00bb text_letter_spacing=\u00a0\u00bb1px\u00a0\u00bb text_line_height=\u00a0\u00bb1.4em\u00a0\u00bb header_3_font=\u00a0\u00bbPoppins||||||||\u00a0\u00bb header_3_text_align=\u00a0\u00bbcenter\u00a0\u00bb header_3_font_size=\u00a0\u00bb20px\u00a0\u00bb text_orientation=\u00a0\u00bbcenter\u00a0\u00bb custom_margin=\u00a0\u00bb||||false|false\u00a0\u00bb custom_padding=\u00a0\u00bb|20px||20px|false|false\u00a0\u00bb hover_enabled=\u00a0\u00bb0&Prime; global_colors_info=\u00a0\u00bb{}\u00a0\u00bb theme_builder_area=\u00a0\u00bbpost_content\u00a0\u00bb sticky_enabled=\u00a0\u00bb0&Prime;]<\/p>\n<h3><strong>1. Produits sur mesure et personnalis\u00e9s<\/strong><\/h3>\n<p><strong><\/strong><\/p>\n<p>Chez <strong>Atelier Lumabois<\/strong>, tous nos produits sont confectionn\u00e9s sur mesure selon les sp\u00e9cifications de chaque client. Conform\u00e9ment \u00e0 l\u2019article L221-28 du Code de la consommation, <strong>le droit de r\u00e9tractation ne s\u2019applique pas<\/strong> aux biens personnalis\u00e9s ou r\u00e9alis\u00e9s selon des demandes sp\u00e9cifiques.<\/p>\n<p>&nbsp;<\/p>\n<p>\ud83d\udd14 <strong>Aucun retour ni remboursement n\u2019est possible<\/strong> une fois la commande valid\u00e9e, sauf en cas de produit non conforme ou endommag\u00e9 lors du transport.<\/p>\n<p>&nbsp;<\/p>\n<h3><strong>2. R\u00e9ception de la commande<\/strong><\/h3>\n<p><strong><\/strong><\/p>\n<p>Lors de la r\u00e9ception de votre colis, il est imp\u00e9ratif de :<\/p>\n<p>V\u00e9rifier l\u2019\u00e9tat de l\u2019emballage et du produit en pr\u00e9sence du transporteur.<\/p>\n<p>Mentionner toute anomalie ou dommage sur le bon de livraison.<\/p>\n<p>Prendre des photos comme preuves en cas de produit endommag\u00e9.<\/p>\n<p>Pour toute r\u00e9clamation concernant un produit d\u00e9fectueux ou non conforme :<\/p>\n<p>Contactez-nous sous <strong>48 heures<\/strong> suivant la r\u00e9ception avec des photos et la description du probl\u00e8me.<\/p>\n<p>Pass\u00e9 ce d\u00e9lai, aucune r\u00e9clamation ne pourra \u00eatre prise en compte.<\/p>\n<p>&nbsp;<\/p>\n<h3><strong>3. Produits \u00e9ligibles au remboursement<\/strong><\/h3>\n<p><strong><\/strong><\/p>\n<p>Un remboursement pourra \u00eatre envisag\u00e9 uniquement si :<\/p>\n<p>&nbsp;<\/p>\n<p>L&rsquo;erreur provient d&rsquo;Atelier Lumabois (erreur de personnalisation par rapport \u00e0 la commande valid\u00e9e).<\/p>\n<p>Le produit est jug\u00e9 d\u00e9fectueux suite \u00e0 une erreur de fabrication ou \u00e0 des dommages pendant le transport, signal\u00e9s dans le d\u00e9lai imparti.<\/p>\n<p>Dans ces cas :<\/p>\n<p>Apr\u00e8s v\u00e9rification de votre r\u00e9clamation, nous vous proposerons un remplacement ou un remboursement sous <strong>14 jours ouvr\u00e9s<\/strong>.<\/p>\n<p>&nbsp;<\/p>\n<h3><strong>4. Exceptions<\/strong><\/h3>\n<p><strong><\/strong><\/p>\n<p>\ud83d\udeab Les situations suivantes ne donnent droit ni \u00e0 retour ni \u00e0 remboursement :<\/p>\n<p>Erreurs de saisie du client lors de la personnalisation.<\/p>\n<p>Changement d\u2019avis apr\u00e8s la validation de la commande.<\/p>\n<p>Dommages caus\u00e9s par une mauvaise utilisation ou un entretien inadapt\u00e9.<\/p>\n<p>&nbsp;<\/p>\n<h3><strong>5. Contact<\/strong><\/h3>\n<p><strong><\/strong><\/p>\n<p>Pour toute demande ou question concernant la politique de retour et remboursement :<\/p>\n<p>\ud83d\udce7 Email : <a href=\"mailto:contact@boutiquemariagedigital.fr\">contact@boutiquemariagedigital.fr<\/a><\/p>\n<p>\ud83d\udccd Adresse : 70 avenue Jean Jaur\u00e8s, 91230 Montgeron, France<\/p>\n<p>&nbsp;<\/p>\n<p><em>Nous vous remercions pour votre compr\u00e9hension et votre confiance dans nos cr\u00e9ations artisanales.<\/em><\/p>\n<p><!-- notionvc: ce749d73-c9df-4260-9036-62f99d4b8afa --><\/p>\n<p>[\/et_pb_text][et_pb_button button_url=\u00a0\u00bb@ET-DC@eyJkeW5hbWljIjp0cnVlLCJjb250ZW50IjoicG9zdF9saW5rX3VybF9wYWdlIiwic2V0dGluZ3MiOnsicG9zdF9pZCI6IjcxMzU0In19@\u00a0\u00bb url_new_window=\u00a0\u00bbon\u00a0\u00bb button_text=\u00a0\u00bbD\u00e9couvrir l&rsquo;atelier lumabois\u00a0\u00bb button_alignment=\u00a0\u00bbcenter\u00a0\u00bb _builder_version=\u00a0\u00bb4.27.4&Prime; _dynamic_attributes=\u00a0\u00bbbutton_url\u00a0\u00bb _module_preset=\u00a0\u00bbdefault\u00a0\u00bb custom_button=\u00a0\u00bbon\u00a0\u00bb button_text_size=\u00a0\u00bb14px\u00a0\u00bb button_text_color=\u00a0\u00bb#FFFFFF\u00a0\u00bb button_bg_color=\u00a0\u00bb#c5b67b\u00a0\u00bb button_border_width=\u00a0\u00bb0px\u00a0\u00bb button_border_color=\u00a0\u00bb#FFFFFF\u00a0\u00bb button_border_radius=\u00a0\u00bb34px\u00a0\u00bb button_letter_spacing=\u00a0\u00bb0px\u00a0\u00bb button_font=\u00a0\u00bb|600|||||||\u00a0\u00bb button_icon=\u00a0\u00bb&#xf061;||fa||900&Prime; button_icon_color=\u00a0\u00bb#FFFFFF\u00a0\u00bb button_on_hover=\u00a0\u00bboff\u00a0\u00bb custom_margin=\u00a0\u00bb22px||||false|false\u00a0\u00bb custom_padding=\u00a0\u00bb14px|50px|14px|40px|true|false\u00a0\u00bb global_colors_info=\u00a0\u00bb{}\u00a0\u00bb button_bg_color__hover_enabled=\u00a0\u00bbon\u00a0\u00bb button_bg_color__hover=\u00a0\u00bb#bfbfbf\u00a0\u00bb button_letter_spacing__hover_enabled=\u00a0\u00bbon|hover\u00a0\u00bb button_letter_spacing__hover=\u00a0\u00bb0px\u00a0\u00bb button_border_color__hover_enabled=\u00a0\u00bbon\u00a0\u00bb button_border_color__hover=\u00a0\u00bb#bfbfbf\u00a0\u00bb button_text_color__hover_enabled=\u00a0\u00bbon\u00a0\u00bb button_text_color__hover=\u00a0\u00bb#000000&Prime; theme_builder_area=\u00a0\u00bbpost_content\u00a0\u00bb][\/et_pb_button][\/et_pb_column][\/et_pb_row][\/et_pb_section]<\/p>\n","protected":false},"excerpt":{"rendered":"<p>Politique de retour et remboursement1. Produits sur mesure et personnalis\u00e9s Chez Atelier Lumabois, tous nos produits sont confectionn\u00e9s sur mesure selon les sp\u00e9cifications de chaque client. Conform\u00e9ment \u00e0 l\u2019article L221-28 du Code de la consommation, le droit de r\u00e9tractation ne s\u2019applique pas aux biens personnalis\u00e9s ou r\u00e9alis\u00e9s selon des demandes sp\u00e9cifiques. &nbsp; \ud83d\udd14 Aucun retour [&hellip;]<\/p>\n","protected":false},"author":1,"featured_media":0,"parent":0,"menu_order":0,"comment_status":"closed","ping_status":"closed","template":"","meta":{"_et_pb_use_builder":"on","_et_pb_old_content":"<!-- wp:divi\/placeholder \/-->","_et_gb_content_width":"","footnotes":""},"class_list":["post-71597","page","type-page","status-publish","hentry"],"_links":{"self":[{"href":"https:\/\/boutiquemariagedigital.fr\/index.php\/wp-json\/wp\/v2\/pages\/71597","targetHints":{"allow":["GET"]}}],"collection":[{"href":"https:\/\/boutiquemariagedigital.fr\/index.php\/wp-json\/wp\/v2\/pages"}],"about":[{"href":"https:\/\/boutiquemariagedigital.fr\/index.php\/wp-json\/wp\/v2\/types\/page"}],"author":[{"embeddable":true,"href":"https:\/\/boutiquemariagedigital.fr\/index.php\/wp-json\/wp\/v2\/users\/1"}],"replies":[{"embeddable":true,"href":"https:\/\/boutiquemariagedigital.fr\/index.php\/wp-json\/wp\/v2\/comments?post=71597"}],"version-history":[{"count":3,"href":"https:\/\/boutiquemariagedigital.fr\/index.php\/wp-json\/wp\/v2\/pages\/71597\/revisions"}],"predecessor-version":[{"id":71605,"href":"https:\/\/boutiquemariagedigital.fr\/index.php\/wp-json\/wp\/v2\/pages\/71597\/revisions\/71605"}],"wp:attachment":[{"href":"https:\/\/boutiquemariagedigital.fr\/index.php\/wp-json\/wp\/v2\/media?parent=71597"}],"curies":[{"name":"wp","href":"https:\/\/api.w.org\/{rel}","templated":true}]}}