{"id":101,"date":"2025-02-06T12:35:51","date_gmt":"2025-02-06T11:35:51","guid":{"rendered":"https:\/\/boutiquemariagedigital.fr\/?post_type=product&#038;p=101"},"modified":"2025-04-07T14:48:25","modified_gmt":"2025-04-07T12:48:25","slug":"pot-de-miel","status":"publish","type":"product","link":"https:\/\/boutiquemariagedigital.fr\/index.php\/product\/pot-de-miel\/","title":{"rendered":"Pot de miel"},"content":{"rendered":"","protected":false},"excerpt":{"rendered":"<p data-renderer-start-pos=\"29\">Ce petit pot de miel personnalis\u00e9 est un cadeau pour les invit\u00e9s de votre mariage. Accompagn\u00e9 d\u2019une mini cuill\u00e8re en bois et d\u2019une \u00e9tiquette \u00ab\u00a0Thank You\u00a0\u00bb personnalisable, il exprime toute votre gratitude.<\/p>\n<p data-renderer-start-pos=\"234\">Son design naturel et raffin\u00e9 s\u2019int\u00e8gre parfaitement dans une ambiance champ\u00eatre, boh\u00e8me ou rustique. Une attention d\u00e9licate et gourmande que vos invit\u00e9s appr\u00e9cieront et emporteront en souvenir de cette journ\u00e9e unique.<\/p>\n","protected":false},"featured_media":102,"comment_status":"open","ping_status":"closed","template":"","meta":{"_et_pb_use_builder":"","_et_pb_old_content":"","_et_gb_content_width":""},"product_brand":[],"product_cat":[17],"product_tag":[],"class_list":{"0":"post-101","1":"product","2":"type-product","3":"status-publish","4":"has-post-thumbnail","6":"product_cat-uncategorized","8":"first","9":"outofstock","10":"taxable","11":"shipping-taxable","12":"purchasable","13":"product-type-simple"},"_links":{"self":[{"href":"https:\/\/boutiquemariagedigital.fr\/index.php\/wp-json\/wp\/v2\/product\/101","targetHints":{"allow":["GET"]}}],"collection":[{"href":"https:\/\/boutiquemariagedigital.fr\/index.php\/wp-json\/wp\/v2\/product"}],"about":[{"href":"https:\/\/boutiquemariagedigital.fr\/index.php\/wp-json\/wp\/v2\/types\/product"}],"replies":[{"embeddable":true,"href":"https:\/\/boutiquemariagedigital.fr\/index.php\/wp-json\/wp\/v2\/comments?post=101"}],"wp:featuredmedia":[{"embeddable":true,"href":"https:\/\/boutiquemariagedigital.fr\/index.php\/wp-json\/wp\/v2\/media\/102"}],"wp:attachment":[{"href":"https:\/\/boutiquemariagedigital.fr\/index.php\/wp-json\/wp\/v2\/media?parent=101"}],"wp:term":[{"taxonomy":"product_brand","embeddable":true,"href":"https:\/\/boutiquemariagedigital.fr\/index.php\/wp-json\/wp\/v2\/product_brand?post=101"},{"taxonomy":"product_cat","embeddable":true,"href":"https:\/\/boutiquemariagedigital.fr\/index.php\/wp-json\/wp\/v2\/product_cat?post=101"},{"taxonomy":"product_tag","embeddable":true,"href":"https:\/\/boutiquemariagedigital.fr\/index.php\/wp-json\/wp\/v2\/product_tag?post=101"}],"curies":[{"name":"wp","href":"https:\/\/api.w.org\/{rel}","templated":true}]}}