{"id":104,"date":"2025-02-06T12:35:51","date_gmt":"2025-02-06T11:35:51","guid":{"rendered":"https:\/\/boutiquemariagedigital.fr\/?post_type=product&#038;p=104"},"modified":"2026-02-12T15:23:30","modified_gmt":"2026-02-12T14:23:30","slug":"decapsuleur-personnalisable","status":"publish","type":"product","link":"https:\/\/boutiquemariagedigital.fr\/index.php\/product\/decapsuleur-personnalisable\/","title":{"rendered":"D\u00e9capsuleur plat"},"content":{"rendered":"<h3 data-prosemirror-content-type=\"node\" data-prosemirror-node-name=\"paragraph\" data-prosemirror-node-block=\"true\" data-pm-slice=\"1 3 []\"><strong data-prosemirror-content-type=\"mark\" data-prosemirror-mark-name=\"strong\">Utilisations principales :<\/strong><\/h3>\n<ul class=\"ak-ul\" data-prosemirror-content-type=\"node\" data-prosemirror-node-name=\"bulletList\" data-prosemirror-node-block=\"true\">\n<li data-prosemirror-content-type=\"node\" data-prosemirror-node-name=\"listItem\" data-prosemirror-node-block=\"true\">\n<p data-prosemirror-content-type=\"node\" data-prosemirror-node-name=\"paragraph\" data-prosemirror-node-block=\"true\">Cadeau invit\u00e9 personnalis\u00e9 pour mariages, anniversaires, bapt\u00eames<\/p>\n<\/li>\n<li data-prosemirror-content-type=\"node\" data-prosemirror-node-name=\"listItem\" data-prosemirror-node-block=\"true\">\n<p data-prosemirror-content-type=\"node\" data-prosemirror-node-name=\"paragraph\" data-prosemirror-node-block=\"true\">Souvenir utile et d\u00e9coratif \u00e0 garder chez soi<\/p>\n<\/li>\n<li data-prosemirror-content-type=\"node\" data-prosemirror-node-name=\"listItem\" data-prosemirror-node-block=\"true\">\n<p data-prosemirror-content-type=\"node\" data-prosemirror-node-name=\"paragraph\" data-prosemirror-node-block=\"true\">Accessoire de table pour vos \u00e9v\u00e9nements festifs<\/p>\n<\/li>\n<\/ul>\n<h3><b>Personnalisation :\u00a0<\/b><\/h3>\n<ul>\n<li style=\"font-weight: 400;\" aria-level=\"1\"><b>Personnalisation :<\/b><span style=\"font-weight: 400;\"> Possibilit\u00e9 de personnaliser avec n&rsquo;importe quel pr\u00e9nom, date, titre ou m\u00eame un mot sp\u00e9cial<\/span><\/li>\n<li style=\"font-weight: 400;\" aria-level=\"1\"><b>Police d&rsquo;\u00e9criture :<\/b><span style=\"font-weight: 400;\"> Style de police \u00e9l\u00e9gant et lisible, adapt\u00e9 \u00e0 tous les types d&rsquo;\u00e9v\u00e9nements<\/span><\/li>\n<li style=\"font-weight: 400;\" aria-level=\"1\"><b>Ajout possible de symboles<\/b> comme des c\u0153urs, feuillages, ou silhouettes personnalis\u00e9es<\/li>\n<\/ul>\n","protected":false},"excerpt":{"rendered":"<p data-prosemirror-content-type=\"node\" data-prosemirror-node-name=\"paragraph\" data-prosemirror-node-block=\"true\" data-pm-slice=\"1 1 []\">Ce d\u00e9capsuleur en bois est un petit cadeau \u00e0 la fois pratique, esth\u00e9tique et original \u00e0 offrir \u00e0 vos invit\u00e9s. Personnalis\u00e9 avec les pr\u00e9noms et la date de votre \u00e9v\u00e9nement, il devient un v\u00e9ritable souvenir \u00e0 emporter chez soi. Son design rond et naturel en bambou, accompagn\u00e9 d\u2019une gravure fine, s\u2019accorde parfaitement avec une ambiance rustique, boh\u00e8me ou minimaliste.<\/p>\n","protected":false},"featured_media":72549,"comment_status":"open","ping_status":"closed","template":"","meta":{"_et_pb_use_builder":"","_et_pb_old_content":"","_et_gb_content_width":""},"product_brand":[],"product_cat":[51],"product_tag":[],"class_list":{"0":"post-104","1":"product","2":"type-product","3":"status-publish","4":"has-post-thumbnail","6":"product_cat-cadeaux-souvenirs","8":"first","9":"instock","10":"taxable","11":"shipping-taxable","12":"purchasable","13":"product-type-variable"},"_links":{"self":[{"href":"https:\/\/boutiquemariagedigital.fr\/index.php\/wp-json\/wp\/v2\/product\/104","targetHints":{"allow":["GET"]}}],"collection":[{"href":"https:\/\/boutiquemariagedigital.fr\/index.php\/wp-json\/wp\/v2\/product"}],"about":[{"href":"https:\/\/boutiquemariagedigital.fr\/index.php\/wp-json\/wp\/v2\/types\/product"}],"replies":[{"embeddable":true,"href":"https:\/\/boutiquemariagedigital.fr\/index.php\/wp-json\/wp\/v2\/comments?post=104"}],"wp:featuredmedia":[{"embeddable":true,"href":"https:\/\/boutiquemariagedigital.fr\/index.php\/wp-json\/wp\/v2\/media\/72549"}],"wp:attachment":[{"href":"https:\/\/boutiquemariagedigital.fr\/index.php\/wp-json\/wp\/v2\/media?parent=104"}],"wp:term":[{"taxonomy":"product_brand","embeddable":true,"href":"https:\/\/boutiquemariagedigital.fr\/index.php\/wp-json\/wp\/v2\/product_brand?post=104"},{"taxonomy":"product_cat","embeddable":true,"href":"https:\/\/boutiquemariagedigital.fr\/index.php\/wp-json\/wp\/v2\/product_cat?post=104"},{"taxonomy":"product_tag","embeddable":true,"href":"https:\/\/boutiquemariagedigital.fr\/index.php\/wp-json\/wp\/v2\/product_tag?post=104"}],"curies":[{"name":"wp","href":"https:\/\/api.w.org\/{rel}","templated":true}]}}