{"id":105,"date":"2025-02-06T12:35:51","date_gmt":"2025-02-06T11:35:51","guid":{"rendered":"https:\/\/boutiquemariagedigital.fr\/?post_type=product&#038;p=105"},"modified":"2025-04-07T14:48:29","modified_gmt":"2025-04-07T12:48:29","slug":"lunette-en-forme-de-coeur-personnalisable","status":"publish","type":"product","link":"https:\/\/boutiquemariagedigital.fr\/index.php\/product\/lunette-en-forme-de-coeur-personnalisable\/","title":{"rendered":"Lunettes en forme de c\u0153ur personnalisable"},"content":{"rendered":"","protected":false},"excerpt":{"rendered":"<p>Ces lunettes en forme de c\u0153ur personnalis\u00e9es sont l\u2019accessoire fun et tendance pour un mariage inoubliable. Avec les initiales des mari\u00e9s et la date de l\u2019\u00e9v\u00e9nement inscrites sur les verres, elles sont un accessoire id\u00e9al comme cadeau invit\u00e9 ou pour animer un photobooth.<\/p>\n","protected":false},"featured_media":106,"comment_status":"open","ping_status":"closed","template":"","meta":{"_et_pb_use_builder":"","_et_pb_old_content":"","_et_gb_content_width":""},"product_brand":[],"product_cat":[17],"product_tag":[],"class_list":{"0":"post-105","1":"product","2":"type-product","3":"status-publish","4":"has-post-thumbnail","6":"product_cat-uncategorized","8":"first","9":"outofstock","10":"taxable","11":"shipping-taxable","12":"purchasable","13":"product-type-variable"},"_links":{"self":[{"href":"https:\/\/boutiquemariagedigital.fr\/index.php\/wp-json\/wp\/v2\/product\/105","targetHints":{"allow":["GET"]}}],"collection":[{"href":"https:\/\/boutiquemariagedigital.fr\/index.php\/wp-json\/wp\/v2\/product"}],"about":[{"href":"https:\/\/boutiquemariagedigital.fr\/index.php\/wp-json\/wp\/v2\/types\/product"}],"replies":[{"embeddable":true,"href":"https:\/\/boutiquemariagedigital.fr\/index.php\/wp-json\/wp\/v2\/comments?post=105"}],"wp:featuredmedia":[{"embeddable":true,"href":"https:\/\/boutiquemariagedigital.fr\/index.php\/wp-json\/wp\/v2\/media\/106"}],"wp:attachment":[{"href":"https:\/\/boutiquemariagedigital.fr\/index.php\/wp-json\/wp\/v2\/media?parent=105"}],"wp:term":[{"taxonomy":"product_brand","embeddable":true,"href":"https:\/\/boutiquemariagedigital.fr\/index.php\/wp-json\/wp\/v2\/product_brand?post=105"},{"taxonomy":"product_cat","embeddable":true,"href":"https:\/\/boutiquemariagedigital.fr\/index.php\/wp-json\/wp\/v2\/product_cat?post=105"},{"taxonomy":"product_tag","embeddable":true,"href":"https:\/\/boutiquemariagedigital.fr\/index.php\/wp-json\/wp\/v2\/product_tag?post=105"}],"curies":[{"name":"wp","href":"https:\/\/api.w.org\/{rel}","templated":true}]}}