{"id":120,"date":"2025-02-06T12:35:27","date_gmt":"2025-02-06T11:35:27","guid":{"rendered":"https:\/\/boutiquemariagedigital.fr\/?post_type=product&#038;p=120"},"modified":"2026-02-12T11:20:35","modified_gmt":"2026-02-12T10:20:35","slug":"marque-places-en-bois","status":"publish","type":"product","link":"https:\/\/boutiquemariagedigital.fr\/index.php\/product\/marque-places-en-bois\/","title":{"rendered":"Marque place en bois"},"content":{"rendered":"<h3 data-start=\"674\" data-end=\"706\"><strong data-start=\"674\" data-end=\"704\">Utilisations principales :<\/strong><\/h3>\n<ul data-start=\"707\" data-end=\"920\">\n<li class=\"\" data-start=\"707\" data-end=\"752\">\n<p class=\"\" data-start=\"709\" data-end=\"752\">Marque place personnalis\u00e9 pour les mari\u00e9s<\/p>\n<\/li>\n<li class=\"\" data-start=\"753\" data-end=\"812\">\n<p class=\"\" data-start=\"755\" data-end=\"812\">\u00c9l\u00e9ment de d\u00e9coration \u00e9l\u00e9gant pour la table des invit\u00e9s<\/p>\n<\/li>\n<li class=\"\" data-start=\"813\" data-end=\"861\">\n<p class=\"\" data-start=\"815\" data-end=\"861\">Souvenir unique \u00e0 emporter apr\u00e8s l\u2019\u00e9v\u00e9nement<\/p>\n<\/li>\n<li class=\"\" data-start=\"862\" data-end=\"920\">\n<p class=\"\" data-start=\"864\" data-end=\"920\">Id\u00e9al pour une ambiance champ\u00eatre, boh\u00e8me ou naturelle<\/p>\n<\/li>\n<\/ul>\n<p>&nbsp;<\/p>\n<h3 data-start=\"1014\" data-end=\"1038\"><strong data-start=\"1014\" data-end=\"1036\">Personnalisation :<\/strong><\/h3>\n<ul data-start=\"1039\" data-end=\"1270\">\n<li class=\"\" data-start=\"1039\" data-end=\"1092\">\n<p class=\"\" data-start=\"1041\" data-end=\"1092\">Choix de la police pour personnaliser les pr\u00e9noms<\/p>\n<\/li>\n<li class=\"\" data-start=\"1093\" data-end=\"1142\">\n<p class=\"\" data-start=\"1095\" data-end=\"1142\">Gravure des pr\u00e9noms des mari\u00e9s ou des invit\u00e9s<\/p>\n<\/li>\n<\/ul>\n","protected":false},"excerpt":{"rendered":"<p class=\"\" data-start=\"214\" data-end=\"672\">Ce marque-place en bois, d\u00e9coup\u00e9 avec finesse en forme de cercle orn\u00e9 de feuillages, est une cr\u00e9ation \u00e9l\u00e9gante et personnalis\u00e9e id\u00e9ale pour sublimer la table des mari\u00e9s. Il peut \u00e9galement \u00eatre utilis\u00e9 pour les invit\u00e9s, apportant une touche raffin\u00e9e \u00e0 l\u2019ensemble de votre d\u00e9coration de table. Ce mod\u00e8le unique est parfait pour les mariages, mais aussi pour les anniversaires ou toute autre c\u00e9l\u00e9bration n\u00e9cessitant une pr\u00e9sentation soign\u00e9e.<\/p>\n","protected":false},"featured_media":118,"comment_status":"open","ping_status":"closed","template":"","meta":{"_et_pb_use_builder":"","_et_pb_old_content":"","_et_gb_content_width":""},"product_brand":[],"product_cat":[49],"product_tag":[],"class_list":{"0":"post-120","1":"product","2":"type-product","3":"status-publish","4":"has-post-thumbnail","6":"product_cat-decoration-de-table","8":"first","9":"instock","10":"taxable","11":"shipping-taxable","12":"purchasable","13":"product-type-variable"},"_links":{"self":[{"href":"https:\/\/boutiquemariagedigital.fr\/index.php\/wp-json\/wp\/v2\/product\/120","targetHints":{"allow":["GET"]}}],"collection":[{"href":"https:\/\/boutiquemariagedigital.fr\/index.php\/wp-json\/wp\/v2\/product"}],"about":[{"href":"https:\/\/boutiquemariagedigital.fr\/index.php\/wp-json\/wp\/v2\/types\/product"}],"replies":[{"embeddable":true,"href":"https:\/\/boutiquemariagedigital.fr\/index.php\/wp-json\/wp\/v2\/comments?post=120"}],"wp:featuredmedia":[{"embeddable":true,"href":"https:\/\/boutiquemariagedigital.fr\/index.php\/wp-json\/wp\/v2\/media\/118"}],"wp:attachment":[{"href":"https:\/\/boutiquemariagedigital.fr\/index.php\/wp-json\/wp\/v2\/media?parent=120"}],"wp:term":[{"taxonomy":"product_brand","embeddable":true,"href":"https:\/\/boutiquemariagedigital.fr\/index.php\/wp-json\/wp\/v2\/product_brand?post=120"},{"taxonomy":"product_cat","embeddable":true,"href":"https:\/\/boutiquemariagedigital.fr\/index.php\/wp-json\/wp\/v2\/product_cat?post=120"},{"taxonomy":"product_tag","embeddable":true,"href":"https:\/\/boutiquemariagedigital.fr\/index.php\/wp-json\/wp\/v2\/product_tag?post=120"}],"curies":[{"name":"wp","href":"https:\/\/api.w.org\/{rel}","templated":true}]}}