{"id":137,"date":"2025-02-06T12:35:26","date_gmt":"2025-02-06T11:35:26","guid":{"rendered":"https:\/\/boutiquemariagedigital.fr\/?post_type=product&#038;p=137"},"modified":"2026-02-13T12:19:02","modified_gmt":"2026-02-13T11:19:02","slug":"marque-place-dhonneur-en-bois-grave","status":"publish","type":"product","link":"https:\/\/boutiquemariagedigital.fr\/index.php\/product\/marque-place-dhonneur-en-bois-grave\/","title":{"rendered":"Panneau d&rsquo;honneur hexagonal"},"content":{"rendered":"<h3 data-start=\"506\" data-end=\"538\"><strong data-start=\"506\" data-end=\"536\">Utilisations principales :<\/strong><\/h3>\n<ul>\n<li>Signal\u00e9tique \u00e9l\u00e9gante : Peut \u00eatre utilis\u00e9 pour indiquer un espace particulier (table d\u2019accueil, coin livre d\u2019or, photobooth, etc.)<\/li>\n<li>Signal\u00e9tique \u00e9l\u00e9gante : Peut \u00eatre utilis\u00e9 pour indiquer un espace particulier (table d\u2019accueil, coin livre d\u2019or, photobooth, etc.)<\/li>\n<li>Souvenir : Peut \u00eatre conserv\u00e9 en souvenir apr\u00e8s l\u2019\u00e9v\u00e9nement<\/li>\n<\/ul>\n<p>&nbsp;<\/p>\n<p><b style=\"color: #333333; font-size: 22px;\">Personnalisation :<\/b><\/p>\n<ul>\n<li style=\"font-weight: 400;\" aria-level=\"1\"><span style=\"font-weight: 400;\">Possibilit\u00e9 d\u2019ajouter une gravure personnalis\u00e9e<\/span><\/li>\n<li style=\"font-weight: 400;\" aria-level=\"1\"><span style=\"font-weight: 400;\">Choix du type de police pour un rendu unique<\/span><\/li>\n<li style=\"font-weight: 400;\" aria-level=\"1\"><b>Possibilit\u00e9 de modifier les motifs (fleurs, feuillages, symboles) pour l&rsquo;adapter \u00e0 vos choix et pr\u00e9f\u00e9rences<\/b><\/li>\n<li style=\"font-weight: 400;\" aria-level=\"1\"><b>Disponible en diff\u00e9rentes teintes :<\/b><span style=\"font-weight: 400;\"> sans teinte, exotique, brun, miel ou effet fum\u00e9<\/span><\/li>\n<li aria-level=\"1\"><strong>Forme :<\/strong> disponible en forme ronde<\/li>\n<\/ul>\n","protected":false},"excerpt":{"rendered":"<p class=\"\" data-start=\"150\" data-end=\"522\">Ce panneau en bois en forme d\u2019hexagone est une mani\u00e8re originale et \u00e9l\u00e9gante d\u2019annoncer les pr\u00e9noms des mari\u00e9s et la date de leur union. Pos\u00e9 sur un petit chevalet en bois, il attire le regard et ajoute une touche chaleureuse et personnalis\u00e9e \u00e0 votre d\u00e9coration. Parfait pour embellir la table du livre d\u2019or, l\u2019entr\u00e9e de la salle ou m\u00eame le coin photo.<\/p>\n","protected":false},"featured_media":128,"comment_status":"open","ping_status":"closed","template":"","meta":{"_et_pb_use_builder":"","_et_pb_old_content":"","_et_gb_content_width":""},"product_brand":[],"product_cat":[49,48],"product_tag":[],"class_list":{"0":"post-137","1":"product","2":"type-product","3":"status-publish","4":"has-post-thumbnail","6":"product_cat-decoration-de-table","7":"product_cat-signaletique-en-bois","9":"first","10":"instock","11":"taxable","12":"shipping-taxable","13":"purchasable","14":"product-type-variable"},"_links":{"self":[{"href":"https:\/\/boutiquemariagedigital.fr\/index.php\/wp-json\/wp\/v2\/product\/137","targetHints":{"allow":["GET"]}}],"collection":[{"href":"https:\/\/boutiquemariagedigital.fr\/index.php\/wp-json\/wp\/v2\/product"}],"about":[{"href":"https:\/\/boutiquemariagedigital.fr\/index.php\/wp-json\/wp\/v2\/types\/product"}],"replies":[{"embeddable":true,"href":"https:\/\/boutiquemariagedigital.fr\/index.php\/wp-json\/wp\/v2\/comments?post=137"}],"wp:featuredmedia":[{"embeddable":true,"href":"https:\/\/boutiquemariagedigital.fr\/index.php\/wp-json\/wp\/v2\/media\/128"}],"wp:attachment":[{"href":"https:\/\/boutiquemariagedigital.fr\/index.php\/wp-json\/wp\/v2\/media?parent=137"}],"wp:term":[{"taxonomy":"product_brand","embeddable":true,"href":"https:\/\/boutiquemariagedigital.fr\/index.php\/wp-json\/wp\/v2\/product_brand?post=137"},{"taxonomy":"product_cat","embeddable":true,"href":"https:\/\/boutiquemariagedigital.fr\/index.php\/wp-json\/wp\/v2\/product_cat?post=137"},{"taxonomy":"product_tag","embeddable":true,"href":"https:\/\/boutiquemariagedigital.fr\/index.php\/wp-json\/wp\/v2\/product_tag?post=137"}],"curies":[{"name":"wp","href":"https:\/\/api.w.org\/{rel}","templated":true}]}}