{"id":139,"date":"2025-02-06T12:35:26","date_gmt":"2025-02-06T11:35:26","guid":{"rendered":"https:\/\/boutiquemariagedigital.fr\/?post_type=product&#038;p=139"},"modified":"2026-02-13T12:24:09","modified_gmt":"2026-02-13T11:24:09","slug":"petit-panneau-en-bois-grave","status":"publish","type":"product","link":"https:\/\/boutiquemariagedigital.fr\/index.php\/product\/petit-panneau-en-bois-grave\/","title":{"rendered":"Petit Panneau en bois grav\u00e9"},"content":{"rendered":"<h3 data-start=\"506\" data-end=\"538\"><strong data-start=\"506\" data-end=\"536\">Utilisations principales :<\/strong><\/h3>\n<ul data-start=\"539\" data-end=\"823\">\n<li class=\"\" data-start=\"539\" data-end=\"675\">\n<p class=\"\" data-start=\"541\" data-end=\"675\">Signal\u00e9tique chic : Id\u00e9al pour signaler votre espace \u00ab\u00a0Livre d&rsquo;Or\u00a0\u00bb lors de mariages, anniversaires, bapt\u00eames ou tout autre \u00e9v\u00e9nement<\/p>\n<\/li>\n<li class=\"\" data-start=\"676\" data-end=\"760\">\n<p class=\"\" data-start=\"678\" data-end=\"760\">D\u00e9coration : Une belle pi\u00e8ce qui enrichit votre d\u00e9coration de table ou de salle<\/p>\n<\/li>\n<li class=\"\" data-start=\"761\" data-end=\"823\">\n<p class=\"\" data-start=\"763\" data-end=\"823\">Souvenir : Peut \u00eatre conserv\u00e9 en souvenir apr\u00e8s l\u2019\u00e9v\u00e9nement<\/p>\n<\/li>\n<\/ul>\n<h3><b>Personnalisation :<\/b><\/h3>\n<ul>\n<li style=\"font-weight: 400;\" aria-level=\"1\"><span style=\"font-weight: 400;\">Possibilit\u00e9 d\u2019ajouter une gravure personnalis\u00e9e<\/span><\/li>\n<li style=\"font-weight: 400;\" aria-level=\"1\"><span style=\"font-weight: 400;\">Choix du type de police pour un rendu unique<\/span><\/li>\n<li style=\"font-weight: 400;\" aria-level=\"1\"><b>Possibilit\u00e9 de modifier les motifs (fleurs, feuillages, symboles) pour l&rsquo;adapter \u00e0 vos choix et pr\u00e9f\u00e9rences<\/b><\/li>\n<li style=\"font-weight: 400;\" aria-level=\"1\"><b>Disponible en diff\u00e9rentes teintes :<\/b><span style=\"font-weight: 400;\"> sans teinte, exotique, brun, miel ou effet fum\u00e9<\/span><\/li>\n<\/ul>\n","protected":false},"excerpt":{"rendered":"<p>Ce panneau en bois grav\u00e9 au laser est une \u00e9l\u00e9gante fa\u00e7on pour guider vos invit\u00e9s vers le livre d\u2019or de votre mariage. Son design raffin\u00e9, agr\u00e9ment\u00e9 de typographies d\u00e9licates et de petits c\u0153urs, s\u2019int\u00e8gre parfaitement dans une d\u00e9coration boh\u00e8me, champ\u00eatre ou romantique. Un d\u00e9tail chic qui ajoute une touche personnalis\u00e9e \u00e0 votre r\u00e9ception et incite vos proches \u00e0 laisser de pr\u00e9cieux souvenirs de cette journ\u00e9e inoubliable. Vous pouvez bien s\u00fbr le personnaliser \u00e0 votre mani\u00e8re en ajouter un autre texte et\/ou design.<\/p>\n","protected":false},"featured_media":119,"comment_status":"open","ping_status":"closed","template":"","meta":{"_et_pb_use_builder":"","_et_pb_old_content":"","_et_gb_content_width":""},"product_brand":[],"product_cat":[49,48],"product_tag":[],"class_list":{"0":"post-139","1":"product","2":"type-product","3":"status-publish","4":"has-post-thumbnail","6":"product_cat-decoration-de-table","7":"product_cat-signaletique-en-bois","9":"first","10":"instock","11":"taxable","12":"shipping-taxable","13":"purchasable","14":"product-type-variable"},"_links":{"self":[{"href":"https:\/\/boutiquemariagedigital.fr\/index.php\/wp-json\/wp\/v2\/product\/139","targetHints":{"allow":["GET"]}}],"collection":[{"href":"https:\/\/boutiquemariagedigital.fr\/index.php\/wp-json\/wp\/v2\/product"}],"about":[{"href":"https:\/\/boutiquemariagedigital.fr\/index.php\/wp-json\/wp\/v2\/types\/product"}],"replies":[{"embeddable":true,"href":"https:\/\/boutiquemariagedigital.fr\/index.php\/wp-json\/wp\/v2\/comments?post=139"}],"wp:featuredmedia":[{"embeddable":true,"href":"https:\/\/boutiquemariagedigital.fr\/index.php\/wp-json\/wp\/v2\/media\/119"}],"wp:attachment":[{"href":"https:\/\/boutiquemariagedigital.fr\/index.php\/wp-json\/wp\/v2\/media?parent=139"}],"wp:term":[{"taxonomy":"product_brand","embeddable":true,"href":"https:\/\/boutiquemariagedigital.fr\/index.php\/wp-json\/wp\/v2\/product_brand?post=139"},{"taxonomy":"product_cat","embeddable":true,"href":"https:\/\/boutiquemariagedigital.fr\/index.php\/wp-json\/wp\/v2\/product_cat?post=139"},{"taxonomy":"product_tag","embeddable":true,"href":"https:\/\/boutiquemariagedigital.fr\/index.php\/wp-json\/wp\/v2\/product_tag?post=139"}],"curies":[{"name":"wp","href":"https:\/\/api.w.org\/{rel}","templated":true}]}}