{"id":446,"date":"2025-02-20T15:45:03","date_gmt":"2025-02-20T14:45:03","guid":{"rendered":"https:\/\/boutiquemariagedigital.fr\/?post_type=product&#038;p=446"},"modified":"2026-02-12T16:13:02","modified_gmt":"2026-02-12T15:13:02","slug":"cintres","status":"publish","type":"product","link":"https:\/\/boutiquemariagedigital.fr\/index.php\/product\/cintres\/","title":{"rendered":"Cintre"},"content":{"rendered":"<h3 data-prosemirror-content-type=\"node\" data-prosemirror-node-name=\"paragraph\" data-prosemirror-node-block=\"true\" data-pm-slice=\"1 3 []\"><strong data-prosemirror-content-type=\"mark\" data-prosemirror-mark-name=\"strong\">Utilisations principales :<\/strong><\/h3>\n<ul class=\"ak-ul\" data-prosemirror-content-type=\"node\" data-prosemirror-node-name=\"bulletList\" data-prosemirror-node-block=\"true\">\n<li data-prosemirror-content-type=\"node\" data-prosemirror-node-name=\"listItem\" data-prosemirror-node-block=\"true\">\n<p data-prosemirror-content-type=\"node\" data-prosemirror-node-name=\"paragraph\" data-prosemirror-node-block=\"true\">Accessoire de mariage : Id\u00e9al pour mettre en valeur la robe de mari\u00e9e ou les tenues des invit\u00e9s d&rsquo;honneur<\/p>\n<\/li>\n<li data-prosemirror-content-type=\"node\" data-prosemirror-node-name=\"listItem\" data-prosemirror-node-block=\"true\">\n<p data-prosemirror-content-type=\"node\" data-prosemirror-node-name=\"paragraph\" data-prosemirror-node-block=\"true\">Souvenir personnalis\u00e9 : Un objet m\u00e9morable \u00e0 conserver apr\u00e8s l&rsquo;\u00e9v\u00e9nement<\/p>\n<\/li>\n<li data-prosemirror-content-type=\"node\" data-prosemirror-node-name=\"listItem\" data-prosemirror-node-block=\"true\">\n<p data-prosemirror-content-type=\"node\" data-prosemirror-node-name=\"paragraph\" data-prosemirror-node-block=\"true\">\u00c9l\u00e9ment d\u00e9coratif : Parfait pour des photos de pr\u00e9paratifs \u00e9l\u00e9gantes et soign\u00e9es<\/p>\n<\/li>\n<\/ul>\n<h3 data-prosemirror-content-type=\"node\" data-prosemirror-node-name=\"paragraph\" data-prosemirror-node-block=\"true\"><strong data-prosemirror-content-type=\"mark\" data-prosemirror-mark-name=\"strong\">Personnalisation :<\/strong><\/h3>\n<ul class=\"ak-ul\" data-prosemirror-content-type=\"node\" data-prosemirror-node-name=\"bulletList\" data-prosemirror-node-block=\"true\">\n<li data-prosemirror-content-type=\"node\" data-prosemirror-node-name=\"listItem\" data-prosemirror-node-block=\"true\">\n<p data-prosemirror-content-type=\"node\" data-prosemirror-node-name=\"paragraph\" data-prosemirror-node-block=\"true\">Gravure personnalis\u00e9e avec pr\u00e9noms, titres ou dates<\/p>\n<\/li>\n<li data-prosemirror-content-type=\"node\" data-prosemirror-node-name=\"listItem\" data-prosemirror-node-block=\"true\">\n<p data-prosemirror-content-type=\"node\" data-prosemirror-node-name=\"paragraph\" data-prosemirror-node-block=\"true\">Choix des polices pour un rendu unique et adapt\u00e9 \u00e0 votre th\u00e8me<\/p>\n<\/li>\n<li data-prosemirror-content-type=\"node\" data-prosemirror-node-name=\"listItem\" data-prosemirror-node-block=\"true\">\n<p data-prosemirror-content-type=\"node\" data-prosemirror-node-name=\"paragraph\" data-prosemirror-node-block=\"true\">Disponible en teinte bois naturel ou blanc<\/p>\n<\/li>\n<\/ul>\n","protected":false},"excerpt":{"rendered":"<p data-prosemirror-content-type=\"node\" data-prosemirror-node-name=\"paragraph\" data-prosemirror-node-block=\"true\" data-pm-slice=\"1 1 []\">Ce cintre en bois personnalis\u00e9 est l&rsquo;accessoire parfait pour sublimer vos pr\u00e9paratifs de mariage ou tout autre \u00e9v\u00e9nement sp\u00e9cial. Avec son design \u00e9l\u00e9gant et sa gravure personnalis\u00e9e, il offre une touche unique et raffin\u00e9e pour suspendre vos tenues d&rsquo;exception. Ce mod\u00e8le est id\u00e9al pour les mari\u00e9es, mais peut \u00e9galement \u00eatre adapt\u00e9 pour d&rsquo;autres membres de la f\u00eate, tels que les demoiselles d&rsquo;honneur ou le mari\u00e9.<\/p>\n","protected":false},"featured_media":72611,"comment_status":"open","ping_status":"closed","template":"","meta":{"_et_pb_use_builder":"","_et_pb_old_content":"","_et_gb_content_width":""},"product_brand":[],"product_cat":[52],"product_tag":[],"class_list":{"0":"post-446","1":"product","2":"type-product","3":"status-publish","4":"has-post-thumbnail","6":"product_cat-accessoires-mariage","8":"first","9":"instock","10":"taxable","11":"shipping-taxable","12":"purchasable","13":"product-type-variable"},"_links":{"self":[{"href":"https:\/\/boutiquemariagedigital.fr\/index.php\/wp-json\/wp\/v2\/product\/446","targetHints":{"allow":["GET"]}}],"collection":[{"href":"https:\/\/boutiquemariagedigital.fr\/index.php\/wp-json\/wp\/v2\/product"}],"about":[{"href":"https:\/\/boutiquemariagedigital.fr\/index.php\/wp-json\/wp\/v2\/types\/product"}],"replies":[{"embeddable":true,"href":"https:\/\/boutiquemariagedigital.fr\/index.php\/wp-json\/wp\/v2\/comments?post=446"}],"wp:featuredmedia":[{"embeddable":true,"href":"https:\/\/boutiquemariagedigital.fr\/index.php\/wp-json\/wp\/v2\/media\/72611"}],"wp:attachment":[{"href":"https:\/\/boutiquemariagedigital.fr\/index.php\/wp-json\/wp\/v2\/media?parent=446"}],"wp:term":[{"taxonomy":"product_brand","embeddable":true,"href":"https:\/\/boutiquemariagedigital.fr\/index.php\/wp-json\/wp\/v2\/product_brand?post=446"},{"taxonomy":"product_cat","embeddable":true,"href":"https:\/\/boutiquemariagedigital.fr\/index.php\/wp-json\/wp\/v2\/product_cat?post=446"},{"taxonomy":"product_tag","embeddable":true,"href":"https:\/\/boutiquemariagedigital.fr\/index.php\/wp-json\/wp\/v2\/product_tag?post=446"}],"curies":[{"name":"wp","href":"https:\/\/api.w.org\/{rel}","templated":true}]}}