{"id":71915,"date":"2025-03-26T12:54:37","date_gmt":"2025-03-26T11:54:37","guid":{"rendered":"https:\/\/boutiquemariagedigital.fr\/?post_type=product&#038;p=71915"},"modified":"2026-02-12T11:38:58","modified_gmt":"2026-02-12T10:38:58","slug":"menu-mme-mr","status":"publish","type":"product","link":"https:\/\/boutiquemariagedigital.fr\/index.php\/product\/menu-mme-mr\/","title":{"rendered":"Menu Mme &#038; Mr"},"content":{"rendered":"<h3 data-prosemirror-content-type=\"node\" data-prosemirror-node-name=\"paragraph\" data-prosemirror-node-block=\"true\"><strong data-prosemirror-content-type=\"mark\" data-prosemirror-mark-name=\"strong\">Utilisations principales :<\/strong><\/h3>\n<ul>\n<li data-prosemirror-content-type=\"node\" data-prosemirror-node-name=\"paragraph\" data-prosemirror-node-block=\"true\"><strong data-prosemirror-content-type=\"mark\" data-prosemirror-mark-name=\"strong\">Pr\u00e9sentation du menu<\/strong> : Id\u00e9al pour afficher le menu de vos \u00e9v\u00e9nements, ajoutant une touche personnalis\u00e9e \u00e0 la d\u00e9coration de la table<\/li>\n<li data-prosemirror-content-type=\"node\" data-prosemirror-node-name=\"paragraph\" data-prosemirror-node-block=\"true\"><strong data-prosemirror-content-type=\"mark\" data-prosemirror-mark-name=\"strong\">D\u00e9coration de table<\/strong> : Ajoutez ce menu \u00e9l\u00e9gant \u00e0 votre d\u00e9coration de table pour un effet raffin\u00e9 lors de mariages, anniversaires ou autres occasions sp\u00e9ciales<\/li>\n<li style=\"list-style-type: none;\"><\/li>\n<\/ul>\n<h3 data-prosemirror-content-type=\"node\" data-prosemirror-node-name=\"heading\" data-prosemirror-node-block=\"true\"><strong data-prosemirror-content-type=\"mark\" data-prosemirror-mark-name=\"strong\">Personnalisation :<\/strong><\/h3>\n<ul>\n<li><strong>Personnalisation :<\/strong> Possibilit\u00e9 de personnaliser avec n&rsquo;importe quel pr\u00e9nom, titre, ou m\u00eame un mot sp\u00e9cial<\/li>\n<li data-prosemirror-content-type=\"node\" data-prosemirror-node-name=\"paragraph\" data-prosemirror-node-block=\"true\"><strong>Police d&rsquo;\u00e9criture :<\/strong> Style de police \u00e9l\u00e9gant et lisible, adapt\u00e9 \u00e0 tous les types d&rsquo;\u00e9v\u00e9nements<\/li>\n<li data-prosemirror-content-type=\"node\" data-prosemirror-node-name=\"paragraph\" data-prosemirror-node-block=\"true\"><strong data-prosemirror-content-type=\"mark\" data-prosemirror-mark-name=\"strong\">Couleur<\/strong> : Possibilit\u00e9 de peindre le bois : sans teinte, exotique, brun, miel et effet fum\u00e9<\/li>\n<li data-prosemirror-content-type=\"node\" data-prosemirror-node-name=\"paragraph\" data-prosemirror-node-block=\"true\"><strong>Tailles :<\/strong> Disponible en 2 tailles diff\u00e9rentes : M ou L<\/li>\n<\/ul>\n","protected":false},"excerpt":{"rendered":"<p data-prosemirror-content-type=\"node\" data-prosemirror-node-name=\"paragraph\" data-prosemirror-node-block=\"true\" data-pm-slice=\"1 1 []\">Un menu en bois personnalis\u00e9, grav\u00e9 avec soin est l&rsquo;\u00e9l\u00e9ment parfait pour pr\u00e9senter les mets d\u00e9licieux de votre \u00e9v\u00e9nement de mani\u00e8re originale et \u00e9l\u00e9gante. Mettez en valeur vos entr\u00e9es, plats et desserts lors de votre \u00e9v\u00e9nement exceptionnel. Il peut \u00e9galement \u00eatre offert comme souvenir unique \u00e0 vos invit\u00e9s, leur rappelant le festin partag\u00e9.<\/p>\n","protected":false},"featured_media":71928,"comment_status":"open","ping_status":"closed","template":"","meta":{"_et_pb_use_builder":"","_et_pb_old_content":"","_et_gb_content_width":""},"product_brand":[],"product_cat":[49],"product_tag":[],"class_list":{"0":"post-71915","1":"product","2":"type-product","3":"status-publish","4":"has-post-thumbnail","6":"product_cat-decoration-de-table","8":"first","9":"instock","10":"taxable","11":"shipping-taxable","12":"purchasable","13":"product-type-variable"},"_links":{"self":[{"href":"https:\/\/boutiquemariagedigital.fr\/index.php\/wp-json\/wp\/v2\/product\/71915","targetHints":{"allow":["GET"]}}],"collection":[{"href":"https:\/\/boutiquemariagedigital.fr\/index.php\/wp-json\/wp\/v2\/product"}],"about":[{"href":"https:\/\/boutiquemariagedigital.fr\/index.php\/wp-json\/wp\/v2\/types\/product"}],"replies":[{"embeddable":true,"href":"https:\/\/boutiquemariagedigital.fr\/index.php\/wp-json\/wp\/v2\/comments?post=71915"}],"wp:featuredmedia":[{"embeddable":true,"href":"https:\/\/boutiquemariagedigital.fr\/index.php\/wp-json\/wp\/v2\/media\/71928"}],"wp:attachment":[{"href":"https:\/\/boutiquemariagedigital.fr\/index.php\/wp-json\/wp\/v2\/media?parent=71915"}],"wp:term":[{"taxonomy":"product_brand","embeddable":true,"href":"https:\/\/boutiquemariagedigital.fr\/index.php\/wp-json\/wp\/v2\/product_brand?post=71915"},{"taxonomy":"product_cat","embeddable":true,"href":"https:\/\/boutiquemariagedigital.fr\/index.php\/wp-json\/wp\/v2\/product_cat?post=71915"},{"taxonomy":"product_tag","embeddable":true,"href":"https:\/\/boutiquemariagedigital.fr\/index.php\/wp-json\/wp\/v2\/product_tag?post=71915"}],"curies":[{"name":"wp","href":"https:\/\/api.w.org\/{rel}","templated":true}]}}