{"id":71916,"date":"2025-03-26T12:54:37","date_gmt":"2025-03-26T11:54:37","guid":{"rendered":"https:\/\/boutiquemariagedigital.fr\/?post_type=product&#038;p=71916"},"modified":"2026-02-12T11:34:06","modified_gmt":"2026-02-12T10:34:06","slug":"cadre-bois-feuilles-volantes","status":"publish","type":"product","link":"https:\/\/boutiquemariagedigital.fr\/index.php\/product\/cadre-bois-feuilles-volantes\/","title":{"rendered":"Cadre bois feuilles volantes"},"content":{"rendered":"<h3 data-prosemirror-content-type=\"node\" data-prosemirror-node-name=\"paragraph\" data-prosemirror-node-block=\"true\"><strong data-prosemirror-content-type=\"mark\" data-prosemirror-mark-name=\"strong\">Utilisations principales :<\/strong><\/h3>\n<ul class=\"ak-ul\" data-prosemirror-content-type=\"node\" data-prosemirror-node-name=\"bulletList\" data-prosemirror-node-block=\"true\">\n<li data-prosemirror-content-type=\"node\" data-prosemirror-node-name=\"listItem\" data-prosemirror-node-block=\"true\">\n<p data-prosemirror-content-type=\"node\" data-prosemirror-node-name=\"paragraph\" data-prosemirror-node-block=\"true\"><strong data-prosemirror-content-type=\"mark\" data-prosemirror-mark-name=\"strong\">Support photo personnalis\u00e9<\/strong> : Id\u00e9al pour afficher des photos de l&rsquo;\u00e9v\u00e9nement ou des souvenirs sp\u00e9ciaux sur vos tables<\/p>\n<\/li>\n<li data-prosemirror-content-type=\"node\" data-prosemirror-node-name=\"listItem\" data-prosemirror-node-block=\"true\">\n<p data-prosemirror-content-type=\"node\" data-prosemirror-node-name=\"paragraph\" data-prosemirror-node-block=\"true\"><strong data-prosemirror-content-type=\"mark\" data-prosemirror-mark-name=\"strong\">Marque place d\u00e9coratif<\/strong> : Parfait pour y ins\u00e9rer les noms des invit\u00e9s et les placer sur la table comme \u00e9l\u00e9ment d\u00e9coratif<\/p>\n<\/li>\n<li data-prosemirror-content-type=\"node\" data-prosemirror-node-name=\"listItem\" data-prosemirror-node-block=\"true\">\n<p data-prosemirror-content-type=\"node\" data-prosemirror-node-name=\"paragraph\" data-prosemirror-node-block=\"true\"><strong data-prosemirror-content-type=\"mark\" data-prosemirror-mark-name=\"strong\">Souvenir unique<\/strong> : Offrez ce cadre grav\u00e9 \u00e0 vos invit\u00e9s comme souvenir de votre \u00e9v\u00e9nement<\/p>\n<\/li>\n<li data-prosemirror-content-type=\"node\" data-prosemirror-node-name=\"listItem\" data-prosemirror-node-block=\"true\">\n<p data-prosemirror-content-type=\"node\" data-prosemirror-node-name=\"paragraph\" data-prosemirror-node-block=\"true\"><strong data-prosemirror-content-type=\"mark\" data-prosemirror-mark-name=\"strong\">D\u00e9coration de table<\/strong> : Ajoutez une touche romantique et \u00e9l\u00e9gante \u00e0 la d\u00e9coration de vos \u00e9v\u00e9nements, tels que mariages, fian\u00e7ailles ou anniversaires<\/p>\n<\/li>\n<\/ul>\n<h3 data-prosemirror-content-type=\"node\" data-prosemirror-node-name=\"heading\" data-prosemirror-node-block=\"true\"><strong data-prosemirror-content-type=\"mark\" data-prosemirror-mark-name=\"strong\">Personnalisation :<\/strong><\/h3>\n<ul>\n<li><strong>Personnalisation :<\/strong> Possibilit\u00e9 de personnaliser avec n&rsquo;importe quel pr\u00e9nom, titre, ou m\u00eame un mot sp\u00e9cial<\/li>\n<li data-prosemirror-content-type=\"node\" data-prosemirror-node-name=\"paragraph\" data-prosemirror-node-block=\"true\"><strong>Police d&rsquo;\u00e9criture :<\/strong> Style de police \u00e9l\u00e9gant et lisible, adapt\u00e9 \u00e0 tous les types d&rsquo;\u00e9v\u00e9nements<\/li>\n<li data-prosemirror-content-type=\"node\" data-prosemirror-node-name=\"paragraph\" data-prosemirror-node-block=\"true\"><strong data-prosemirror-content-type=\"mark\" data-prosemirror-mark-name=\"strong\">Couleur<\/strong> : Possibilit\u00e9 de peindre le bois : sans teinte, exotique, brun, miel et effet fum\u00e9<\/li>\n<li data-prosemirror-content-type=\"node\" data-prosemirror-node-name=\"paragraph\" data-prosemirror-node-block=\"true\"><strong>Tailles :<\/strong> Disponible en 2 tailles diff\u00e9rentes : M ou L<\/li>\n<\/ul>\n","protected":false},"excerpt":{"rendered":"<p data-prosemirror-content-type=\"node\" data-prosemirror-node-name=\"paragraph\" data-prosemirror-node-block=\"true\" data-pm-slice=\"1 1 []\">Ce cadre en bois d\u00e9cor\u00e9 de motifs de feuilles volantes est l&rsquo;\u00e9l\u00e9ment id\u00e9al pour mettre en valeur des photos ou des messages lors de vos \u00e9v\u00e9nements. Avec sa finition soign\u00e9e et son design naturel, il peut \u00e9galement servir de marque place ou de souvenir pour vos invit\u00e9s. Ce cadre ajoutera une touche raffin\u00e9e \u00e0 vos c\u00e9l\u00e9brations, qu\u2019il s\u2019agisse d\u2019un mariage, d\u2019un anniversaire ou d\u2019un autre \u00e9v\u00e9nement festif.<\/p>\n","protected":false},"featured_media":71925,"comment_status":"open","ping_status":"closed","template":"","meta":{"_et_pb_use_builder":"","_et_pb_old_content":"","_et_gb_content_width":""},"product_brand":[],"product_cat":[49],"product_tag":[],"class_list":{"0":"post-71916","1":"product","2":"type-product","3":"status-publish","4":"has-post-thumbnail","6":"product_cat-decoration-de-table","8":"first","9":"instock","10":"taxable","11":"shipping-taxable","12":"purchasable","13":"product-type-variable"},"_links":{"self":[{"href":"https:\/\/boutiquemariagedigital.fr\/index.php\/wp-json\/wp\/v2\/product\/71916","targetHints":{"allow":["GET"]}}],"collection":[{"href":"https:\/\/boutiquemariagedigital.fr\/index.php\/wp-json\/wp\/v2\/product"}],"about":[{"href":"https:\/\/boutiquemariagedigital.fr\/index.php\/wp-json\/wp\/v2\/types\/product"}],"replies":[{"embeddable":true,"href":"https:\/\/boutiquemariagedigital.fr\/index.php\/wp-json\/wp\/v2\/comments?post=71916"}],"wp:featuredmedia":[{"embeddable":true,"href":"https:\/\/boutiquemariagedigital.fr\/index.php\/wp-json\/wp\/v2\/media\/71925"}],"wp:attachment":[{"href":"https:\/\/boutiquemariagedigital.fr\/index.php\/wp-json\/wp\/v2\/media?parent=71916"}],"wp:term":[{"taxonomy":"product_brand","embeddable":true,"href":"https:\/\/boutiquemariagedigital.fr\/index.php\/wp-json\/wp\/v2\/product_brand?post=71916"},{"taxonomy":"product_cat","embeddable":true,"href":"https:\/\/boutiquemariagedigital.fr\/index.php\/wp-json\/wp\/v2\/product_cat?post=71916"},{"taxonomy":"product_tag","embeddable":true,"href":"https:\/\/boutiquemariagedigital.fr\/index.php\/wp-json\/wp\/v2\/product_tag?post=71916"}],"curies":[{"name":"wp","href":"https:\/\/api.w.org\/{rel}","templated":true}]}}