{"id":71942,"date":"2025-03-26T13:44:44","date_gmt":"2025-03-26T12:44:44","guid":{"rendered":"https:\/\/boutiquemariagedigital.fr\/?post_type=product&#038;p=71942"},"modified":"2026-02-12T11:42:07","modified_gmt":"2026-02-12T10:42:07","slug":"menu-champs","status":"publish","type":"product","link":"https:\/\/boutiquemariagedigital.fr\/index.php\/product\/menu-champs\/","title":{"rendered":"Menu champs"},"content":{"rendered":"<h3 data-prosemirror-content-type=\"node\" data-prosemirror-node-name=\"paragraph\" data-prosemirror-node-block=\"true\"><strong data-prosemirror-content-type=\"mark\" data-prosemirror-mark-name=\"strong\">Utilisations principales :<\/strong><\/h3>\n<ul>\n<li data-prosemirror-content-type=\"node\" data-prosemirror-node-name=\"paragraph\" data-prosemirror-node-block=\"true\"><strong data-prosemirror-content-type=\"mark\" data-prosemirror-mark-name=\"strong\">Pr\u00e9sentation du menu<\/strong> : Id\u00e9al pour afficher le menu de vos \u00e9v\u00e9nements, ajoutant une touche personnalis\u00e9e \u00e0 la d\u00e9coration de la table<\/li>\n<li data-prosemirror-content-type=\"node\" data-prosemirror-node-name=\"paragraph\" data-prosemirror-node-block=\"true\"><strong data-prosemirror-content-type=\"mark\" data-prosemirror-mark-name=\"strong\">D\u00e9coration de table<\/strong> : Apportez une touche romantique et \u00e9l\u00e9gante \u00e0 la d\u00e9coration de vos mariages, anniversaires ou autres occasions sp\u00e9ciales<\/li>\n<li style=\"list-style-type: none;\"><\/li>\n<\/ul>\n<h3 data-prosemirror-content-type=\"node\" data-prosemirror-node-name=\"heading\" data-prosemirror-node-block=\"true\"><strong data-prosemirror-content-type=\"mark\" data-prosemirror-mark-name=\"strong\">Personnalisation :<\/strong><\/h3>\n<ul>\n<li data-prosemirror-content-type=\"node\" data-prosemirror-node-name=\"paragraph\" data-prosemirror-node-block=\"true\"><strong>Personnalisation :<\/strong> Possibilit\u00e9 de personnaliser avec n&rsquo;importe quel pr\u00e9nom, titre, ou m\u00eame un mot sp\u00e9cial<\/li>\n<li data-prosemirror-content-type=\"node\" data-prosemirror-node-name=\"paragraph\" data-prosemirror-node-block=\"true\"><strong>Police d&rsquo;\u00e9criture :<\/strong> Style de police \u00e9l\u00e9gant et lisible, adapt\u00e9 \u00e0 tous les types d&rsquo;\u00e9v\u00e9nements<\/li>\n<li data-prosemirror-content-type=\"node\" data-prosemirror-node-name=\"paragraph\" data-prosemirror-node-block=\"true\"><strong data-prosemirror-content-type=\"mark\" data-prosemirror-mark-name=\"strong\">Couleur<\/strong> : Possibilit\u00e9 de peindre le bois : sans teinte, exotique, brun, miel et effet fum\u00e9<\/li>\n<li data-prosemirror-content-type=\"node\" data-prosemirror-node-name=\"paragraph\" data-prosemirror-node-block=\"true\"><strong>Tailles :<\/strong> Disponible en 2 tailles diff\u00e9rentes : M ou L<\/li>\n<\/ul>\n","protected":false},"excerpt":{"rendered":"<p data-prosemirror-content-type=\"node\" data-prosemirror-node-name=\"paragraph\" data-prosemirror-node-block=\"true\" data-pm-slice=\"1 1 []\">Ce menu en bois personnalis\u00e9, orn\u00e9 de d\u00e9licates gravures florales et de c\u0153urs, est la touche parfaite pour apporter une note romantique et \u00e9l\u00e9gante \u00e0 vos \u00e9v\u00e9nements. Il est id\u00e9al pour pr\u00e9senter le menu de mani\u00e8re originale tout en offrant un souvenir personnalis\u00e9 aux invit\u00e9s. Son design raffin\u00e9 et sa personnalisation en font un choix parfait pour des mariages, anniversaires ou autres \u00e9v\u00e9nements sp\u00e9ciaux.<\/p>\n","protected":false},"featured_media":71947,"comment_status":"open","ping_status":"closed","template":"","meta":{"_et_pb_use_builder":"","_et_pb_old_content":"","_et_gb_content_width":""},"product_brand":[],"product_cat":[49],"product_tag":[],"class_list":{"0":"post-71942","1":"product","2":"type-product","3":"status-publish","4":"has-post-thumbnail","6":"product_cat-decoration-de-table","8":"first","9":"instock","10":"taxable","11":"shipping-taxable","12":"purchasable","13":"product-type-variable"},"_links":{"self":[{"href":"https:\/\/boutiquemariagedigital.fr\/index.php\/wp-json\/wp\/v2\/product\/71942","targetHints":{"allow":["GET"]}}],"collection":[{"href":"https:\/\/boutiquemariagedigital.fr\/index.php\/wp-json\/wp\/v2\/product"}],"about":[{"href":"https:\/\/boutiquemariagedigital.fr\/index.php\/wp-json\/wp\/v2\/types\/product"}],"replies":[{"embeddable":true,"href":"https:\/\/boutiquemariagedigital.fr\/index.php\/wp-json\/wp\/v2\/comments?post=71942"}],"wp:featuredmedia":[{"embeddable":true,"href":"https:\/\/boutiquemariagedigital.fr\/index.php\/wp-json\/wp\/v2\/media\/71947"}],"wp:attachment":[{"href":"https:\/\/boutiquemariagedigital.fr\/index.php\/wp-json\/wp\/v2\/media?parent=71942"}],"wp:term":[{"taxonomy":"product_brand","embeddable":true,"href":"https:\/\/boutiquemariagedigital.fr\/index.php\/wp-json\/wp\/v2\/product_brand?post=71942"},{"taxonomy":"product_cat","embeddable":true,"href":"https:\/\/boutiquemariagedigital.fr\/index.php\/wp-json\/wp\/v2\/product_cat?post=71942"},{"taxonomy":"product_tag","embeddable":true,"href":"https:\/\/boutiquemariagedigital.fr\/index.php\/wp-json\/wp\/v2\/product_tag?post=71942"}],"curies":[{"name":"wp","href":"https:\/\/api.w.org\/{rel}","templated":true}]}}