{"id":71960,"date":"2025-03-26T14:53:25","date_gmt":"2025-03-26T13:53:25","guid":{"rendered":"https:\/\/boutiquemariagedigital.fr\/?post_type=product&#038;p=71960"},"modified":"2026-02-12T12:13:26","modified_gmt":"2026-02-12T11:13:26","slug":"marque-place-losange","status":"publish","type":"product","link":"https:\/\/boutiquemariagedigital.fr\/index.php\/product\/marque-place-losange\/","title":{"rendered":"Marque place losange"},"content":{"rendered":"<h3 data-prosemirror-content-type=\"node\" data-prosemirror-node-name=\"paragraph\" data-prosemirror-node-block=\"true\"><strong data-prosemirror-content-type=\"mark\" data-prosemirror-mark-name=\"strong\">Utilisations principales :<\/strong><\/h3>\n<ul>\n<li data-prosemirror-content-type=\"node\" data-prosemirror-node-name=\"listItem\" data-prosemirror-node-block=\"true\">\n<p data-prosemirror-content-type=\"node\" data-prosemirror-node-name=\"paragraph\" data-prosemirror-node-block=\"true\"><strong data-prosemirror-content-type=\"mark\" data-prosemirror-mark-name=\"strong\">Marque place personnalis\u00e9<\/strong> : Id\u00e9al pour personnaliser la place de chaque invit\u00e9 avec son propre nom.<\/p>\n<\/li>\n<li data-prosemirror-content-type=\"node\" data-prosemirror-node-name=\"listItem\" data-prosemirror-node-block=\"true\">\n<p data-prosemirror-content-type=\"node\" data-prosemirror-node-name=\"paragraph\" data-prosemirror-node-block=\"true\"><strong data-prosemirror-content-type=\"mark\" data-prosemirror-mark-name=\"strong\">Souvenir de l&rsquo;\u00e9v\u00e9nement<\/strong> : Offrez \u00e0 vos invit\u00e9s un souvenir unique qu&rsquo;ils pourront conserver.<\/p>\n<\/li>\n<li data-prosemirror-content-type=\"node\" data-prosemirror-node-name=\"listItem\" data-prosemirror-node-block=\"true\">\n<p data-prosemirror-content-type=\"node\" data-prosemirror-node-name=\"paragraph\" data-prosemirror-node-block=\"true\"><strong data-prosemirror-content-type=\"mark\" data-prosemirror-mark-name=\"strong\">D\u00e9coration de table<\/strong> : Apportez une touche naturelle et \u00e9l\u00e9gante \u00e0 vos \u00e9v\u00e9nements, tels que mariages, fian\u00e7ailles ou anniversaires.<\/p>\n<\/li>\n<li data-prosemirror-content-type=\"node\" data-prosemirror-node-name=\"paragraph\" data-prosemirror-node-block=\"true\">\n<p data-prosemirror-content-type=\"node\" data-prosemirror-node-name=\"paragraph\" data-prosemirror-node-block=\"true\" data-pm-slice=\"1 1 [&quot;bulletList&quot;,null,&quot;listItem&quot;,null]\"><strong data-prosemirror-content-type=\"mark\" data-prosemirror-mark-name=\"strong\">Alternative \u00e9l\u00e9gante<\/strong><\/p>\n<\/li>\n<\/ul>\n<h3 data-prosemirror-content-type=\"node\" data-prosemirror-node-name=\"heading\" data-prosemirror-node-block=\"true\"><strong data-prosemirror-content-type=\"mark\" data-prosemirror-mark-name=\"strong\">Personnalisation :<\/strong><\/h3>\n<ul>\n<li data-prosemirror-content-type=\"node\" data-prosemirror-node-name=\"paragraph\" data-prosemirror-node-block=\"true\"><strong>Personnalisation :<\/strong> Possibilit\u00e9 de personnaliser avec n&rsquo;importe quel pr\u00e9nom,<span style=\"font-weight: 400;\"> titre ou m\u00eame un mot sp\u00e9cial<\/span><\/li>\n<li data-prosemirror-content-type=\"node\" data-prosemirror-node-name=\"paragraph\" data-prosemirror-node-block=\"true\"><strong>Police d&rsquo;\u00e9criture :<\/strong> Style de police \u00e9l\u00e9gant et lisible, adapt\u00e9 \u00e0 tous les types d&rsquo;\u00e9v\u00e9nements<\/li>\n<li data-prosemirror-content-type=\"node\" data-prosemirror-node-name=\"paragraph\" data-prosemirror-node-block=\"true\"><strong>Design :<\/strong> Possibilit\u00e9 d&rsquo;ajouter des motifs d\u00e9coratifs personnalis\u00e9s<\/li>\n<li data-prosemirror-content-type=\"node\" data-prosemirror-node-name=\"paragraph\" data-prosemirror-node-block=\"true\"><strong>Disponible en diff\u00e9rentes teintes :<\/strong> sans teinte, exotique, brun, miel et effet fum\u00e9<\/li>\n<\/ul>\n","protected":false},"excerpt":{"rendered":"<p data-renderer-start-pos=\"156\">Ce marque place en bois, au design unique en forme de losange, est parfait pour ajouter une touche \u00e9l\u00e9gante et moderne \u00e0 vos \u00e9v\u00e9nements. Il est id\u00e9al pour personnaliser la place de chaque invit\u00e9, tout en offrant un support stable pour une pr\u00e9sentation soign\u00e9e.<\/p>\n","protected":false},"featured_media":71961,"comment_status":"open","ping_status":"closed","template":"","meta":{"_et_pb_use_builder":"","_et_pb_old_content":"","_et_gb_content_width":""},"product_brand":[],"product_cat":[49],"product_tag":[],"class_list":{"0":"post-71960","1":"product","2":"type-product","3":"status-publish","4":"has-post-thumbnail","6":"product_cat-decoration-de-table","8":"first","9":"instock","10":"taxable","11":"shipping-taxable","12":"purchasable","13":"product-type-variable"},"_links":{"self":[{"href":"https:\/\/boutiquemariagedigital.fr\/index.php\/wp-json\/wp\/v2\/product\/71960","targetHints":{"allow":["GET"]}}],"collection":[{"href":"https:\/\/boutiquemariagedigital.fr\/index.php\/wp-json\/wp\/v2\/product"}],"about":[{"href":"https:\/\/boutiquemariagedigital.fr\/index.php\/wp-json\/wp\/v2\/types\/product"}],"replies":[{"embeddable":true,"href":"https:\/\/boutiquemariagedigital.fr\/index.php\/wp-json\/wp\/v2\/comments?post=71960"}],"wp:featuredmedia":[{"embeddable":true,"href":"https:\/\/boutiquemariagedigital.fr\/index.php\/wp-json\/wp\/v2\/media\/71961"}],"wp:attachment":[{"href":"https:\/\/boutiquemariagedigital.fr\/index.php\/wp-json\/wp\/v2\/media?parent=71960"}],"wp:term":[{"taxonomy":"product_brand","embeddable":true,"href":"https:\/\/boutiquemariagedigital.fr\/index.php\/wp-json\/wp\/v2\/product_brand?post=71960"},{"taxonomy":"product_cat","embeddable":true,"href":"https:\/\/boutiquemariagedigital.fr\/index.php\/wp-json\/wp\/v2\/product_cat?post=71960"},{"taxonomy":"product_tag","embeddable":true,"href":"https:\/\/boutiquemariagedigital.fr\/index.php\/wp-json\/wp\/v2\/product_tag?post=71960"}],"curies":[{"name":"wp","href":"https:\/\/api.w.org\/{rel}","templated":true}]}}