{"id":72027,"date":"2025-03-26T15:53:39","date_gmt":"2025-03-26T14:53:39","guid":{"rendered":"https:\/\/boutiquemariagedigital.fr\/?post_type=product&#038;p=72027"},"modified":"2026-02-12T12:27:36","modified_gmt":"2026-02-12T11:27:36","slug":"marque-place-ovale-couple","status":"publish","type":"product","link":"https:\/\/boutiquemariagedigital.fr\/index.php\/product\/marque-place-ovale-couple\/","title":{"rendered":"Marque place ovale couple"},"content":{"rendered":"<h3 data-prosemirror-content-type=\"node\" data-prosemirror-node-name=\"paragraph\" data-prosemirror-node-block=\"true\"><strong data-prosemirror-content-type=\"mark\" data-prosemirror-mark-name=\"strong\">Utilisations principales :<\/strong><\/h3>\n<ul>\n<li data-renderer-start-pos=\"343\"><strong data-renderer-mark=\"true\">Marque place personnalis\u00e9<\/strong> : Id\u00e9al pour accueillir vos invit\u00e9s avec une attention particuli\u00e8re \u00e0 leur lieu<\/li>\n<li data-renderer-start-pos=\"343\"><strong data-renderer-mark=\"true\">Souvenir \u00e0 emporter<\/strong> : Un joli cadeau \u00e0 conserver apr\u00e8s l&rsquo;\u00e9v\u00e9nement<\/li>\n<li data-renderer-start-pos=\"343\"><strong data-renderer-mark=\"true\">\u00c9l\u00e9ment de d\u00e9coration de table<\/strong> : Apporte une touche contemporaine et affective \u00e0 vos tables de f\u00eate<\/li>\n<li data-renderer-start-pos=\"343\"><strong data-renderer-mark=\"true\">Alternative durable aux \u00e9tiquettes papier<\/strong> : Plus r\u00e9sistant, il peut \u00eatre conserv\u00e9 bien apr\u00e8s l&rsquo;\u00e9v\u00e9nement.<\/li>\n<\/ul>\n<h3 data-prosemirror-content-type=\"node\" data-prosemirror-node-name=\"heading\" data-prosemirror-node-block=\"true\"><strong data-prosemirror-content-type=\"mark\" data-prosemirror-mark-name=\"strong\">Personnalisation :<\/strong><\/h3>\n<ul>\n<li data-prosemirror-content-type=\"node\" data-prosemirror-node-name=\"paragraph\" data-prosemirror-node-block=\"true\"><strong>Personnalisation :<\/strong> Possibilit\u00e9 de personnaliser avec n&rsquo;importe quel pr\u00e9nom<\/li>\n<li data-prosemirror-content-type=\"node\" data-prosemirror-node-name=\"paragraph\" data-prosemirror-node-block=\"true\"><strong>Police d&rsquo;\u00e9criture :<\/strong> Style de police \u00e9l\u00e9gant et lisible, adapt\u00e9 \u00e0 tous les types d&rsquo;\u00e9v\u00e9nements<\/li>\n<li data-prosemirror-content-type=\"node\" data-prosemirror-node-name=\"paragraph\" data-prosemirror-node-block=\"true\"><strong>Design :<\/strong> Possibilit\u00e9 d&rsquo;ajouter des motifs d\u00e9coratifs personnalis\u00e9s<\/li>\n<li data-prosemirror-content-type=\"node\" data-prosemirror-node-name=\"paragraph\" data-prosemirror-node-block=\"true\"><strong>Disponible en diff\u00e9rentes teintes :<\/strong> sans teinte, exotique, brun, miel et effet fum\u00e9<\/li>\n<\/ul>\n","protected":false},"excerpt":{"rendered":"<p data-prosemirror-content-type=\"node\" data-prosemirror-node-name=\"paragraph\" data-prosemirror-node-block=\"true\" data-pm-slice=\"1 3 []\">Ce marque place en bois de forme ovale, grav\u00e9 avec soin, se distingue par son design graphique et romantique. Sur le c\u00f4t\u00e9, l\u2019ombre du couple est compl\u00e9t\u00e9 gr\u00e2ce au graphisme \u00e9labor\u00e9 par nos soins.<\/p>\n","protected":false},"featured_media":72028,"comment_status":"open","ping_status":"closed","template":"","meta":{"_et_pb_use_builder":"","_et_pb_old_content":"","_et_gb_content_width":""},"product_brand":[],"product_cat":[49],"product_tag":[],"class_list":{"0":"post-72027","1":"product","2":"type-product","3":"status-publish","4":"has-post-thumbnail","6":"product_cat-decoration-de-table","8":"first","9":"instock","10":"taxable","11":"shipping-taxable","12":"purchasable","13":"product-type-variable"},"_links":{"self":[{"href":"https:\/\/boutiquemariagedigital.fr\/index.php\/wp-json\/wp\/v2\/product\/72027","targetHints":{"allow":["GET"]}}],"collection":[{"href":"https:\/\/boutiquemariagedigital.fr\/index.php\/wp-json\/wp\/v2\/product"}],"about":[{"href":"https:\/\/boutiquemariagedigital.fr\/index.php\/wp-json\/wp\/v2\/types\/product"}],"replies":[{"embeddable":true,"href":"https:\/\/boutiquemariagedigital.fr\/index.php\/wp-json\/wp\/v2\/comments?post=72027"}],"wp:featuredmedia":[{"embeddable":true,"href":"https:\/\/boutiquemariagedigital.fr\/index.php\/wp-json\/wp\/v2\/media\/72028"}],"wp:attachment":[{"href":"https:\/\/boutiquemariagedigital.fr\/index.php\/wp-json\/wp\/v2\/media?parent=72027"}],"wp:term":[{"taxonomy":"product_brand","embeddable":true,"href":"https:\/\/boutiquemariagedigital.fr\/index.php\/wp-json\/wp\/v2\/product_brand?post=72027"},{"taxonomy":"product_cat","embeddable":true,"href":"https:\/\/boutiquemariagedigital.fr\/index.php\/wp-json\/wp\/v2\/product_cat?post=72027"},{"taxonomy":"product_tag","embeddable":true,"href":"https:\/\/boutiquemariagedigital.fr\/index.php\/wp-json\/wp\/v2\/product_tag?post=72027"}],"curies":[{"name":"wp","href":"https:\/\/api.w.org\/{rel}","templated":true}]}}