{"id":72113,"date":"2025-03-26T16:59:33","date_gmt":"2025-03-26T15:59:33","guid":{"rendered":"https:\/\/boutiquemariagedigital.fr\/?post_type=product&#038;p=72113"},"modified":"2026-02-11T16:00:51","modified_gmt":"2026-02-11T15:00:51","slug":"panneau-bienvenue-horizontal","status":"publish","type":"product","link":"https:\/\/boutiquemariagedigital.fr\/index.php\/product\/panneau-bienvenue-horizontal\/","title":{"rendered":"Panneau \u00ab\u00a0Bienvenue\u00a0\u00bb horizontal"},"content":{"rendered":"<h3 data-prosemirror-content-type=\"node\" data-prosemirror-node-name=\"paragraph\" data-prosemirror-node-block=\"true\"><strong data-prosemirror-content-type=\"mark\" data-prosemirror-mark-name=\"strong\">Utilisations principales :<\/strong><\/h3>\n<ul>\n<li data-prosemirror-content-type=\"node\" data-prosemirror-node-name=\"paragraph\" data-prosemirror-node-block=\"true\"><strong data-prosemirror-content-type=\"mark\" data-prosemirror-mark-name=\"strong\">Panneau de bienvenue pour mariage<\/strong> : \u00c0 placer \u00e0 l&rsquo;entr\u00e9e de la salle, du domaine ou du lieu de c\u00e9r\u00e9monie<\/li>\n<li data-prosemirror-content-type=\"node\" data-prosemirror-node-name=\"paragraph\" data-prosemirror-node-block=\"true\"><strong data-prosemirror-content-type=\"mark\" data-prosemirror-mark-name=\"strong\">Souvenir d\u00e9coratif<\/strong> : \u00c0 conserver et r\u00e9utiliser en d\u00e9coration int\u00e9rieure apr\u00e8s l&rsquo;\u00e9v\u00e9nement<\/li>\n<li data-prosemirror-content-type=\"node\" data-prosemirror-node-name=\"paragraph\" data-prosemirror-node-block=\"true\"><strong data-prosemirror-content-type=\"mark\" data-prosemirror-mark-name=\"strong\">Alternative personnalis\u00e9e aux affiches imprim\u00e9es<\/strong> : Plus durable, plus naturelle et 100 % unique<\/li>\n<li style=\"list-style-type: none;\"><\/li>\n<\/ul>\n<h3 data-prosemirror-content-type=\"node\" data-prosemirror-node-name=\"heading\" data-prosemirror-node-block=\"true\"><strong data-prosemirror-content-type=\"mark\" data-prosemirror-mark-name=\"strong\">Personnalisation :<\/strong><\/h3>\n<ul>\n<li><b>Personnalisation :<\/b><span style=\"font-weight: 400;\"> Possibilit\u00e9 de personnaliser avec n&rsquo;importe quel pr\u00e9nom, date, titre ou m\u00eame un mot sp\u00e9cial<\/span><\/li>\n<li>\n<p data-prosemirror-content-type=\"node\" data-prosemirror-node-name=\"paragraph\" data-prosemirror-node-block=\"true\" data-pm-slice=\"1 1 [&quot;bulletList&quot;,null,&quot;listItem&quot;,null]\"><strong data-prosemirror-content-type=\"mark\" data-prosemirror-mark-name=\"strong\">Possibilit\u00e9 de modifier les motifs (fleurs, feuillages, symboles) pour l&rsquo;adapter \u00e0 vos choix et pr\u00e9f\u00e9rences<\/strong><\/p>\n<\/li>\n<li><b>Police d&rsquo;\u00e9criture :<\/b><span style=\"font-weight: 400;\"> Style de police \u00e9l\u00e9gant et lisible, adapt\u00e9 \u00e0 tous les types d&rsquo;\u00e9v\u00e9nements<\/span><\/li>\n<li style=\"font-weight: 400;\" aria-level=\"1\"><b>Couleur<\/b><span style=\"font-weight: 400;\"> : Possibilit\u00e9 de peindre le bois : sans teinte, exotique, brun, miel et effet fum\u00e9<\/span><\/li>\n<li><strong data-prosemirror-content-type=\"mark\" data-prosemirror-mark-name=\"strong\">Option :<\/strong> support pour tableau pour une meilleure stabilit\u00e9<\/li>\n<li style=\"list-style-type: none;\"><\/li>\n<\/ul>\n","protected":false},"excerpt":{"rendered":"<p data-prosemirror-content-type=\"node\" data-prosemirror-node-name=\"paragraph\" data-prosemirror-node-block=\"true\" data-pm-slice=\"1 1 []\">Ce panneau de bienvenue en bois naturel est une mani\u00e8re \u00e9l\u00e9gante et chaleureuse d&rsquo;accueillir vos invit\u00e9s le jour de votre mariage. Grav\u00e9 avec les pr\u00e9noms des mari\u00e9s et la date de l&rsquo;\u00e9v\u00e9nement, vous pouvez le personnalis\u00e9 comme bon vous semble.<\/p>\n","protected":false},"featured_media":72115,"comment_status":"open","ping_status":"closed","template":"","meta":{"_et_pb_use_builder":"","_et_pb_old_content":"","_et_gb_content_width":""},"product_brand":[],"product_cat":[48],"product_tag":[],"class_list":{"0":"post-72113","1":"product","2":"type-product","3":"status-publish","4":"has-post-thumbnail","6":"product_cat-signaletique-en-bois","8":"first","9":"instock","10":"taxable","11":"shipping-taxable","12":"purchasable","13":"product-type-variable"},"_links":{"self":[{"href":"https:\/\/boutiquemariagedigital.fr\/index.php\/wp-json\/wp\/v2\/product\/72113","targetHints":{"allow":["GET"]}}],"collection":[{"href":"https:\/\/boutiquemariagedigital.fr\/index.php\/wp-json\/wp\/v2\/product"}],"about":[{"href":"https:\/\/boutiquemariagedigital.fr\/index.php\/wp-json\/wp\/v2\/types\/product"}],"replies":[{"embeddable":true,"href":"https:\/\/boutiquemariagedigital.fr\/index.php\/wp-json\/wp\/v2\/comments?post=72113"}],"wp:featuredmedia":[{"embeddable":true,"href":"https:\/\/boutiquemariagedigital.fr\/index.php\/wp-json\/wp\/v2\/media\/72115"}],"wp:attachment":[{"href":"https:\/\/boutiquemariagedigital.fr\/index.php\/wp-json\/wp\/v2\/media?parent=72113"}],"wp:term":[{"taxonomy":"product_brand","embeddable":true,"href":"https:\/\/boutiquemariagedigital.fr\/index.php\/wp-json\/wp\/v2\/product_brand?post=72113"},{"taxonomy":"product_cat","embeddable":true,"href":"https:\/\/boutiquemariagedigital.fr\/index.php\/wp-json\/wp\/v2\/product_cat?post=72113"},{"taxonomy":"product_tag","embeddable":true,"href":"https:\/\/boutiquemariagedigital.fr\/index.php\/wp-json\/wp\/v2\/product_tag?post=72113"}],"curies":[{"name":"wp","href":"https:\/\/api.w.org\/{rel}","templated":true}]}}