{"id":72149,"date":"2025-03-26T17:21:57","date_gmt":"2025-03-26T16:21:57","guid":{"rendered":"https:\/\/boutiquemariagedigital.fr\/?post_type=product&#038;p=72149"},"modified":"2026-02-11T15:47:46","modified_gmt":"2026-02-11T14:47:46","slug":"panneau-bienvenue-et-couple-verticale","status":"publish","type":"product","link":"https:\/\/boutiquemariagedigital.fr\/index.php\/product\/panneau-bienvenue-et-couple-verticale\/","title":{"rendered":"Panneau \u00ab\u00a0Bienvenue\u00a0\u00bb et couple verticale"},"content":{"rendered":"<h3 data-prosemirror-content-type=\"node\" data-prosemirror-node-name=\"paragraph\" data-prosemirror-node-block=\"true\"><strong data-prosemirror-content-type=\"mark\" data-prosemirror-mark-name=\"strong\">Utilisations principales :<\/strong><\/h3>\n<ul>\n<li data-prosemirror-content-type=\"node\" data-prosemirror-node-name=\"paragraph\" data-prosemirror-node-block=\"true\"><strong data-prosemirror-content-type=\"mark\" data-prosemirror-mark-name=\"strong\">Panneau d\u2019accueil personnalis\u00e9<\/strong> : Pour accueillir vos invit\u00e9s d\u00e8s l\u2019entr\u00e9e de votre lieu de c\u00e9r\u00e9monie ou de r\u00e9ception<\/li>\n<li data-prosemirror-content-type=\"node\" data-prosemirror-node-name=\"paragraph\" data-prosemirror-node-block=\"true\"><strong data-prosemirror-content-type=\"mark\" data-prosemirror-mark-name=\"strong\">D\u00e9coration m\u00e9morable<\/strong> : Une pi\u00e8ce forte qui trouve facilement sa place dans votre d\u00e9coration et qui peut ensuite \u00eatre suspendue dans votre int\u00e9rieur en souvenir de cette journ\u00e9e<\/li>\n<li data-prosemirror-content-type=\"node\" data-prosemirror-node-name=\"paragraph\" data-prosemirror-node-block=\"true\"><strong data-prosemirror-content-type=\"mark\" data-prosemirror-mark-name=\"strong\">Alternative aux affichages standards<\/strong> : Une option artisanale et durable face aux panneaux imprim\u00e9s classiques<\/li>\n<\/ul>\n<h3 data-prosemirror-content-type=\"node\" data-prosemirror-node-name=\"heading\" data-prosemirror-node-block=\"true\"><strong data-prosemirror-content-type=\"mark\" data-prosemirror-mark-name=\"strong\">Personnalisation :<\/strong><\/h3>\n<ul>\n<li style=\"font-weight: 400;\" aria-level=\"1\"><b>Personnalisation :<\/b><span style=\"font-weight: 400;\"> Possibilit\u00e9 de personnaliser avec n&rsquo;importe quel pr\u00e9nom, date, titre ou m\u00eame un mot sp\u00e9cial<\/span><\/li>\n<li style=\"font-weight: 400;\" aria-level=\"1\"><b>Police d&rsquo;\u00e9criture :<\/b><span style=\"font-weight: 400;\"> Style de police \u00e9l\u00e9gant et lisible, adapt\u00e9 \u00e0 tous les types d&rsquo;\u00e9v\u00e9nements<\/span><\/li>\n<li aria-level=\"1\">\n<p data-prosemirror-content-type=\"node\" data-prosemirror-node-name=\"paragraph\" data-prosemirror-node-block=\"true\" data-pm-slice=\"1 1 [&quot;bulletList&quot;,null,&quot;listItem&quot;,null]\"><strong data-prosemirror-content-type=\"mark\" data-prosemirror-mark-name=\"strong\">Ajout possible de symboles<\/strong> comme des c\u0153urs, feuillages, ou silhouettes personnalis\u00e9es<\/p>\n<\/li>\n<li style=\"font-weight: 400;\" aria-level=\"1\"><b>Couleur<\/b><span style=\"font-weight: 400;\"> : Possibilit\u00e9 de peindre le bois : sans teinte, exotique, brun, miel et effet fum\u00e9<\/span><\/li>\n<li aria-level=\"1\">\n<p data-prosemirror-content-type=\"node\" data-prosemirror-node-name=\"paragraph\" data-prosemirror-node-block=\"true\" data-pm-slice=\"1 1 [&quot;bulletList&quot;,null,&quot;listItem&quot;,null]\"><strong data-prosemirror-content-type=\"mark\" data-prosemirror-mark-name=\"strong\">Option :<\/strong> support pour tableau<\/p>\n<\/li>\n<\/ul>\n","protected":false},"excerpt":{"rendered":"<p data-renderer-start-pos=\"100\">Ce panneau de bienvenue en bois naturel est une mani\u00e8re \u00e9l\u00e9gante et chaleureuse d\u2019accueillir vos invit\u00e9s lors de votre mariage. Grav\u00e9 avec soin, il ajoute une touche personnalis\u00e9e \u00e0 votre d\u00e9coration tout en guidant vos proches d\u00e8s leur arriv\u00e9e. Sa silhouette verticale, agr\u00e9ment\u00e9e de motifs fins et d\u2019une illustration romantique.<\/p>\n","protected":false},"featured_media":72150,"comment_status":"open","ping_status":"closed","template":"","meta":{"_et_pb_use_builder":"","_et_pb_old_content":"","_et_gb_content_width":""},"product_brand":[],"product_cat":[48],"product_tag":[],"class_list":{"0":"post-72149","1":"product","2":"type-product","3":"status-publish","4":"has-post-thumbnail","6":"product_cat-signaletique-en-bois","8":"first","9":"instock","10":"taxable","11":"shipping-taxable","12":"purchasable","13":"product-type-variable"},"_links":{"self":[{"href":"https:\/\/boutiquemariagedigital.fr\/index.php\/wp-json\/wp\/v2\/product\/72149","targetHints":{"allow":["GET"]}}],"collection":[{"href":"https:\/\/boutiquemariagedigital.fr\/index.php\/wp-json\/wp\/v2\/product"}],"about":[{"href":"https:\/\/boutiquemariagedigital.fr\/index.php\/wp-json\/wp\/v2\/types\/product"}],"replies":[{"embeddable":true,"href":"https:\/\/boutiquemariagedigital.fr\/index.php\/wp-json\/wp\/v2\/comments?post=72149"}],"wp:featuredmedia":[{"embeddable":true,"href":"https:\/\/boutiquemariagedigital.fr\/index.php\/wp-json\/wp\/v2\/media\/72150"}],"wp:attachment":[{"href":"https:\/\/boutiquemariagedigital.fr\/index.php\/wp-json\/wp\/v2\/media?parent=72149"}],"wp:term":[{"taxonomy":"product_brand","embeddable":true,"href":"https:\/\/boutiquemariagedigital.fr\/index.php\/wp-json\/wp\/v2\/product_brand?post=72149"},{"taxonomy":"product_cat","embeddable":true,"href":"https:\/\/boutiquemariagedigital.fr\/index.php\/wp-json\/wp\/v2\/product_cat?post=72149"},{"taxonomy":"product_tag","embeddable":true,"href":"https:\/\/boutiquemariagedigital.fr\/index.php\/wp-json\/wp\/v2\/product_tag?post=72149"}],"curies":[{"name":"wp","href":"https:\/\/api.w.org\/{rel}","templated":true}]}}