{"id":72197,"date":"2025-03-26T17:58:34","date_gmt":"2025-03-26T16:58:34","guid":{"rendered":"https:\/\/boutiquemariagedigital.fr\/?post_type=product&#038;p=72197"},"modified":"2026-02-12T14:48:15","modified_gmt":"2026-02-12T13:48:15","slug":"livre-dor-hexagonal","status":"publish","type":"product","link":"https:\/\/boutiquemariagedigital.fr\/index.php\/product\/livre-dor-hexagonal\/","title":{"rendered":"Livre d&rsquo;or hexagonal"},"content":{"rendered":"<h3 data-prosemirror-content-type=\"node\" data-prosemirror-node-name=\"paragraph\" data-prosemirror-node-block=\"true\" data-pm-slice=\"1 3 []\"><strong data-prosemirror-content-type=\"mark\" data-prosemirror-mark-name=\"strong\">Utilisations principales :<\/strong><\/h3>\n<ul>\n<li data-prosemirror-content-type=\"node\" data-prosemirror-node-name=\"paragraph\" data-prosemirror-node-block=\"true\">Livre d\u2019or original et d\u00e9coratif<\/li>\n<li data-prosemirror-content-type=\"node\" data-prosemirror-node-name=\"paragraph\" data-prosemirror-node-block=\"true\">Parfait pour mariages, anniversaires, bapt\u00eames ou c\u00e9l\u00e9brations familiales<\/li>\n<li data-prosemirror-content-type=\"node\" data-prosemirror-node-name=\"paragraph\" data-prosemirror-node-block=\"true\">\u00c9l\u00e9ment artistique \u00e0 exposer chez soi apr\u00e8s l\u2019\u00e9v\u00e9nement<\/li>\n<li data-prosemirror-content-type=\"node\" data-prosemirror-node-name=\"paragraph\" data-prosemirror-node-block=\"true\">Activit\u00e9 participative et touchante pour les invit\u00e9s<\/li>\n<\/ul>\n<h3 data-start=\"319\" data-end=\"347\"><strong data-start=\"323\" data-end=\"345\">Personnalisation :<\/strong><\/h3>\n<ul>\n<li style=\"font-weight: 400;\" aria-level=\"1\"><b>Personnalisation :<\/b><span style=\"font-weight: 400;\"> Possibilit\u00e9 de personnaliser avec n&rsquo;importe quel pr\u00e9nom, date, titre ou m\u00eame un mot sp\u00e9cial sur la bo\u00eete<\/span><\/li>\n<\/ul>\n<p data-start=\"348\" data-end=\"943\">\n","protected":false},"excerpt":{"rendered":"<p data-prosemirror-content-type=\"node\" data-prosemirror-node-name=\"paragraph\" data-prosemirror-node-block=\"true\" data-pm-slice=\"1 1 []\">Ce livre d\u2019or en forme d\u2019arbre stylis\u00e9, encadr\u00e9 d\u2019un \u00e9l\u00e9gant hexagone en bois fonc\u00e9, offre une version moderne et artistique du traditionnel livre d\u2019or. Les invit\u00e9s peuvent \u00e9crire un petit mot sur les pi\u00e8ces en bois pr\u00e9vues \u00e0 cet effet, puis les ins\u00e9rer \u00e0 l\u2019int\u00e9rieur de la structure. Avec ses finitions soign\u00e9es et son design g\u00e9om\u00e9trique, ce mod\u00e8le se transforme ensuite en objet d\u00e9coratif \u00e0 part enti\u00e8re. Vous avez m\u00eame la possibilit\u00e9 de glisser la photo du couple sur le couvercle de la bo\u00eete inclus.<\/p>\n<p data-start=\"348\" data-end=\"943\">\n","protected":false},"featured_media":72200,"comment_status":"open","ping_status":"closed","template":"","meta":{"_et_pb_use_builder":"","_et_pb_old_content":"","_et_gb_content_width":""},"product_brand":[],"product_cat":[47],"product_tag":[],"class_list":{"0":"post-72197","1":"product","2":"type-product","3":"status-publish","4":"has-post-thumbnail","6":"product_cat-livres-dor-cadres","8":"first","9":"instock","10":"taxable","11":"shipping-taxable","12":"purchasable","13":"product-type-simple"},"_links":{"self":[{"href":"https:\/\/boutiquemariagedigital.fr\/index.php\/wp-json\/wp\/v2\/product\/72197","targetHints":{"allow":["GET"]}}],"collection":[{"href":"https:\/\/boutiquemariagedigital.fr\/index.php\/wp-json\/wp\/v2\/product"}],"about":[{"href":"https:\/\/boutiquemariagedigital.fr\/index.php\/wp-json\/wp\/v2\/types\/product"}],"replies":[{"embeddable":true,"href":"https:\/\/boutiquemariagedigital.fr\/index.php\/wp-json\/wp\/v2\/comments?post=72197"}],"wp:featuredmedia":[{"embeddable":true,"href":"https:\/\/boutiquemariagedigital.fr\/index.php\/wp-json\/wp\/v2\/media\/72200"}],"wp:attachment":[{"href":"https:\/\/boutiquemariagedigital.fr\/index.php\/wp-json\/wp\/v2\/media?parent=72197"}],"wp:term":[{"taxonomy":"product_brand","embeddable":true,"href":"https:\/\/boutiquemariagedigital.fr\/index.php\/wp-json\/wp\/v2\/product_brand?post=72197"},{"taxonomy":"product_cat","embeddable":true,"href":"https:\/\/boutiquemariagedigital.fr\/index.php\/wp-json\/wp\/v2\/product_cat?post=72197"},{"taxonomy":"product_tag","embeddable":true,"href":"https:\/\/boutiquemariagedigital.fr\/index.php\/wp-json\/wp\/v2\/product_tag?post=72197"}],"curies":[{"name":"wp","href":"https:\/\/api.w.org\/{rel}","templated":true}]}}