{"id":72240,"date":"2025-03-31T11:00:37","date_gmt":"2025-03-31T09:00:37","guid":{"rendered":"https:\/\/boutiquemariagedigital.fr\/?post_type=product&#038;p=72240"},"modified":"2026-02-12T15:02:42","modified_gmt":"2026-02-12T14:02:42","slug":"cadre-fleurs","status":"publish","type":"product","link":"https:\/\/boutiquemariagedigital.fr\/index.php\/product\/cadre-fleurs\/","title":{"rendered":"Cadre fleurs"},"content":{"rendered":"<h3 data-prosemirror-content-type=\"node\" data-prosemirror-node-name=\"paragraph\" data-prosemirror-node-block=\"true\" data-pm-slice=\"1 3 []\"><strong data-prosemirror-content-type=\"mark\" data-prosemirror-mark-name=\"strong\">Utilisations principales :<\/strong><\/h3>\n<ul>\n<li data-prosemirror-content-type=\"node\" data-prosemirror-node-name=\"paragraph\" data-prosemirror-node-block=\"true\">Accessoire photobooth pour mariages, anniversaires, bapt\u00eames ou tout autre \u00e9v\u00e9nement<\/li>\n<li data-prosemirror-content-type=\"node\" data-prosemirror-node-name=\"paragraph\" data-prosemirror-node-block=\"true\">D\u00e9coration \u00e9l\u00e9gante \u00e0 int\u00e9grer dans un coin photo<\/li>\n<li data-prosemirror-content-type=\"node\" data-prosemirror-node-name=\"paragraph\" data-prosemirror-node-block=\"true\">Support ludique pour cr\u00e9er des souvenirs personnalis\u00e9s<\/li>\n<li data-prosemirror-content-type=\"node\" data-prosemirror-node-name=\"paragraph\" data-prosemirror-node-block=\"true\">Parfait pour des photos souvenirs amusantes et spontan\u00e9es<\/li>\n<li style=\"list-style-type: none;\"><\/li>\n<\/ul>\n<h3 data-start=\"319\" data-end=\"347\"><strong data-start=\"323\" data-end=\"345\">Personnalisation :<\/strong><\/h3>\n<ul>\n<li><b>Personnalisation :<\/b><span style=\"font-weight: 400;\"> Possibilit\u00e9 de personnaliser avec n&rsquo;importe quel pr\u00e9nom, date, titre ou m\u00eame un mot sp\u00e9cial<\/span><\/li>\n<li><b>Police d&rsquo;\u00e9criture :<\/b><span style=\"font-weight: 400;\"> Style de police \u00e9l\u00e9gant et lisible, adapt\u00e9 \u00e0 tous les types d&rsquo;\u00e9v\u00e9nements<\/span><\/li>\n<li><b>Ajout possible de symboles<\/b><span style=\"font-weight: 400;\"> comme des silhouettes personnalis\u00e9es<\/span><\/li>\n<li><strong data-prosemirror-content-type=\"mark\" data-prosemirror-mark-name=\"strong\">Option :<\/strong> support pour tableau pour une meilleure stabilit\u00e9<\/li>\n<\/ul>\n<p data-start=\"348\" data-end=\"943\">\n","protected":false},"excerpt":{"rendered":"<p data-prosemirror-content-type=\"node\" data-prosemirror-node-name=\"paragraph\" data-prosemirror-node-block=\"true\" data-pm-slice=\"1 1 []\">Ce cadre photobooth en bois, orn\u00e9 de d\u00e9licates gravures florales, est l\u2019accessoire parfait pour capturer des souvenirs inoubliables lors de vos \u00e9v\u00e9nements. \u00c9l\u00e9gant et naturel, il offre un encadrement raffin\u00e9 pour les photos de vos invit\u00e9s, qu\u2019ils soient seuls, en couple ou en groupe. Ce mod\u00e8le apporte une touche d\u00e9corative tout en cr\u00e9ant une animation originale et conviviale.<\/p>\n<p data-start=\"348\" data-end=\"943\">\n","protected":false},"featured_media":72241,"comment_status":"open","ping_status":"closed","template":"","meta":{"_et_pb_use_builder":"","_et_pb_old_content":"","_et_gb_content_width":""},"product_brand":[],"product_cat":[47],"product_tag":[56],"class_list":{"0":"post-72240","1":"product","2":"type-product","3":"status-publish","4":"has-post-thumbnail","6":"product_cat-livres-dor-cadres","7":"product_tag-cadre","9":"first","10":"instock","11":"taxable","12":"shipping-taxable","13":"purchasable","14":"product-type-variable"},"_links":{"self":[{"href":"https:\/\/boutiquemariagedigital.fr\/index.php\/wp-json\/wp\/v2\/product\/72240","targetHints":{"allow":["GET"]}}],"collection":[{"href":"https:\/\/boutiquemariagedigital.fr\/index.php\/wp-json\/wp\/v2\/product"}],"about":[{"href":"https:\/\/boutiquemariagedigital.fr\/index.php\/wp-json\/wp\/v2\/types\/product"}],"replies":[{"embeddable":true,"href":"https:\/\/boutiquemariagedigital.fr\/index.php\/wp-json\/wp\/v2\/comments?post=72240"}],"wp:featuredmedia":[{"embeddable":true,"href":"https:\/\/boutiquemariagedigital.fr\/index.php\/wp-json\/wp\/v2\/media\/72241"}],"wp:attachment":[{"href":"https:\/\/boutiquemariagedigital.fr\/index.php\/wp-json\/wp\/v2\/media?parent=72240"}],"wp:term":[{"taxonomy":"product_brand","embeddable":true,"href":"https:\/\/boutiquemariagedigital.fr\/index.php\/wp-json\/wp\/v2\/product_brand?post=72240"},{"taxonomy":"product_cat","embeddable":true,"href":"https:\/\/boutiquemariagedigital.fr\/index.php\/wp-json\/wp\/v2\/product_cat?post=72240"},{"taxonomy":"product_tag","embeddable":true,"href":"https:\/\/boutiquemariagedigital.fr\/index.php\/wp-json\/wp\/v2\/product_tag?post=72240"}],"curies":[{"name":"wp","href":"https:\/\/api.w.org\/{rel}","templated":true}]}}