{"id":72470,"date":"2025-03-31T12:28:28","date_gmt":"2025-03-31T10:28:28","guid":{"rendered":"https:\/\/boutiquemariagedigital.fr\/?post_type=product&#038;p=72470"},"modified":"2026-02-12T15:44:37","modified_gmt":"2026-02-12T14:44:37","slug":"faire-part-tournant","status":"publish","type":"product","link":"https:\/\/boutiquemariagedigital.fr\/index.php\/product\/faire-part-tournant\/","title":{"rendered":"Faire-part tournant"},"content":{"rendered":"<h3 data-prosemirror-content-type=\"node\" data-prosemirror-node-name=\"paragraph\" data-prosemirror-node-block=\"true\" data-pm-slice=\"1 3 []\">Utilisations principales :<\/h3>\n<ul>\n<li data-prosemirror-content-type=\"node\" data-prosemirror-node-name=\"paragraph\" data-prosemirror-node-block=\"true\">Faire part alternatif : Permet \u00e0 vos invit\u00e9s de d\u00e9couvrir un message personnalis\u00e9 dans un format original<\/li>\n<li data-prosemirror-content-type=\"node\" data-prosemirror-node-name=\"paragraph\" data-prosemirror-node-block=\"true\">Souvenir intemporel : Un objet durable et personnalis\u00e9 \u00e0 conserver apr\u00e8s l\u2019\u00e9v\u00e9nement<\/li>\n<li data-prosemirror-content-type=\"node\" data-prosemirror-node-name=\"paragraph\" data-prosemirror-node-block=\"true\">Accessoire d\u00e9coratif : Sublime votre int\u00e9rieur gr\u00e2ce \u00e0 son design naturel et esth\u00e9tique<\/li>\n<li style=\"list-style-type: none;\"><\/li>\n<\/ul>\n<h3><b>Personnalisation :\u00a0<\/b><\/h3>\n<ul>\n<li style=\"font-weight: 400;\" aria-level=\"1\"><b>Personnalisation :<\/b><span style=\"font-weight: 400;\"> Possibilit\u00e9 de personnaliser avec n&rsquo;importe quel pr\u00e9nom, date, titre ou m\u00eame un mot sp\u00e9cial<\/span><\/li>\n<li style=\"font-weight: 400;\" aria-level=\"1\"><b>Police d&rsquo;\u00e9criture :<\/b><span style=\"font-weight: 400;\"> Style de police \u00e9l\u00e9gant et lisible, adapt\u00e9 \u00e0 tous les types d&rsquo;\u00e9v\u00e9nements<\/span><\/li>\n<li style=\"font-weight: 400;\" aria-level=\"1\"><b>Ajout possible de petits symboles<\/b><span style=\"font-weight: 400;\"> comme des c\u0153urs, feuillages, ou silhouettes personnalis\u00e9es<\/span><\/li>\n<\/ul>\n","protected":false},"excerpt":{"rendered":"<p data-prosemirror-content-type=\"node\" data-prosemirror-node-name=\"paragraph\" data-prosemirror-node-block=\"true\" data-pm-slice=\"1 1 []\">Ce faire-part en bois hexagonal est un objet unique et raffin\u00e9, parfait pour immortaliser les moments pr\u00e9cieux de vos \u00e9v\u00e9nements. Avec son design \u00e9l\u00e9gant et personnalisable, il offre une alternative originale aux livres d\u2019or traditionnels. Il suffit de fournir les \u00e9l\u00e9ments voulant \u00eatre inscrit (lieu du mariage, date du mariage, heure du mariage, message, dessin, inscription) et il sera tourn\u00e9 \u00e0 la main afin de d\u00e9couvrir petit \u00e0 petit les diff\u00e9rents \u00e9criteaux. Ce mod\u00e8le est id\u00e9al pour des occasions sp\u00e9ciales telles que les mariages, anniversaires ou autres c\u00e9l\u00e9brations.<\/p>\n","protected":false},"featured_media":72504,"comment_status":"open","ping_status":"closed","template":"","meta":{"_et_pb_use_builder":"","_et_pb_old_content":"","_et_gb_content_width":""},"product_brand":[],"product_cat":[51],"product_tag":[],"class_list":{"0":"post-72470","1":"product","2":"type-product","3":"status-publish","4":"has-post-thumbnail","6":"product_cat-cadeaux-souvenirs","8":"first","9":"instock","10":"taxable","11":"shipping-taxable","12":"purchasable","13":"product-type-variable"},"_links":{"self":[{"href":"https:\/\/boutiquemariagedigital.fr\/index.php\/wp-json\/wp\/v2\/product\/72470","targetHints":{"allow":["GET"]}}],"collection":[{"href":"https:\/\/boutiquemariagedigital.fr\/index.php\/wp-json\/wp\/v2\/product"}],"about":[{"href":"https:\/\/boutiquemariagedigital.fr\/index.php\/wp-json\/wp\/v2\/types\/product"}],"replies":[{"embeddable":true,"href":"https:\/\/boutiquemariagedigital.fr\/index.php\/wp-json\/wp\/v2\/comments?post=72470"}],"wp:featuredmedia":[{"embeddable":true,"href":"https:\/\/boutiquemariagedigital.fr\/index.php\/wp-json\/wp\/v2\/media\/72504"}],"wp:attachment":[{"href":"https:\/\/boutiquemariagedigital.fr\/index.php\/wp-json\/wp\/v2\/media?parent=72470"}],"wp:term":[{"taxonomy":"product_brand","embeddable":true,"href":"https:\/\/boutiquemariagedigital.fr\/index.php\/wp-json\/wp\/v2\/product_brand?post=72470"},{"taxonomy":"product_cat","embeddable":true,"href":"https:\/\/boutiquemariagedigital.fr\/index.php\/wp-json\/wp\/v2\/product_cat?post=72470"},{"taxonomy":"product_tag","embeddable":true,"href":"https:\/\/boutiquemariagedigital.fr\/index.php\/wp-json\/wp\/v2\/product_tag?post=72470"}],"curies":[{"name":"wp","href":"https:\/\/api.w.org\/{rel}","templated":true}]}}