{"id":72503,"date":"2025-03-31T12:41:00","date_gmt":"2025-03-31T10:41:00","guid":{"rendered":"https:\/\/boutiquemariagedigital.fr\/?post_type=product&#038;p=72503"},"modified":"2026-02-12T15:25:43","modified_gmt":"2026-02-12T14:25:43","slug":"puzzle-coeur","status":"publish","type":"product","link":"https:\/\/boutiquemariagedigital.fr\/index.php\/product\/puzzle-coeur\/","title":{"rendered":"Puzzle c\u0153ur"},"content":{"rendered":"<h3 data-prosemirror-content-type=\"node\" data-prosemirror-node-name=\"paragraph\" data-prosemirror-node-block=\"true\" data-pm-slice=\"1 3 []\"><strong>Utilisations principales :<\/strong><\/h3>\n<ul>\n<li data-prosemirror-content-type=\"node\" data-prosemirror-node-name=\"listItem\" data-prosemirror-node-block=\"true\">\n<p data-prosemirror-content-type=\"node\" data-prosemirror-node-name=\"paragraph\" data-prosemirror-node-block=\"true\">Souvenir personnalis\u00e9 : Un objet unique \u00e0 conserver apr\u00e8s l\u2019\u00e9v\u00e9nement, rempli de souvenirs pr\u00e9cieux.<\/p>\n<\/li>\n<li data-prosemirror-content-type=\"node\" data-prosemirror-node-name=\"listItem\" data-prosemirror-node-block=\"true\">\n<p data-prosemirror-content-type=\"node\" data-prosemirror-node-name=\"paragraph\" data-prosemirror-node-block=\"true\">D\u00e9coration \u00e9l\u00e9gante : Ce puzzle en bois naturel peut \u00e9galement \u00eatre utilis\u00e9 comme \u00e9l\u00e9ment d\u00e9coratif dans votre maison.<\/p>\n<\/li>\n<li style=\"list-style-type: none;\"><\/li>\n<\/ul>\n<h3><b>Personnalisation :\u00a0<\/b><\/h3>\n<ul>\n<li style=\"font-weight: 400;\" aria-level=\"1\"><b>Personnalisation :<\/b><span style=\"font-weight: 400;\"> Possibilit\u00e9 de personnaliser avec n&rsquo;importe quel design de votre choix<\/span><\/li>\n<li style=\"font-weight: 400;\" aria-level=\"1\"><b>Police d&rsquo;\u00e9criture :<\/b><span style=\"font-weight: 400;\"> Style de police \u00e9l\u00e9gant et lisible, adapt\u00e9 \u00e0 tous les types d&rsquo;\u00e9v\u00e9nements<\/span><\/li>\n<li style=\"font-weight: 400;\" aria-level=\"1\"><b>Ajout possible de petits symboles<\/b><span style=\"font-weight: 400;\"> comme des c\u0153urs, feuillages, ou silhouettes personnalis\u00e9es<\/span><\/li>\n<\/ul>\n","protected":false},"excerpt":{"rendered":"<p data-prosemirror-content-type=\"node\" data-prosemirror-node-name=\"paragraph\" data-prosemirror-node-block=\"true\" data-pm-slice=\"1 1 []\">Ce puzzle en forme de c\u0153ur est une activit\u00e9 amusante \u00e0 r\u00e9aliser pendant ou apr\u00e8s le mariage. Chaque pi\u00e8ce du puzzle formeront le dessin soigneusement choisi par vos soins. Ce mod\u00e8le est id\u00e9al pour les mariages, anniversaires ou autres c\u00e9l\u00e9brations, tout en apportant une touche d\u00e9corative \u00e9l\u00e9gante \u00e0 votre int\u00e9rieur.<\/p>\n","protected":false},"featured_media":72511,"comment_status":"open","ping_status":"closed","template":"","meta":{"_et_pb_use_builder":"","_et_pb_old_content":"","_et_gb_content_width":""},"product_brand":[],"product_cat":[47],"product_tag":[],"class_list":{"0":"post-72503","1":"product","2":"type-product","3":"status-publish","4":"has-post-thumbnail","6":"product_cat-livres-dor-cadres","8":"first","9":"instock","10":"taxable","11":"shipping-taxable","12":"purchasable","13":"product-type-simple"},"_links":{"self":[{"href":"https:\/\/boutiquemariagedigital.fr\/index.php\/wp-json\/wp\/v2\/product\/72503","targetHints":{"allow":["GET"]}}],"collection":[{"href":"https:\/\/boutiquemariagedigital.fr\/index.php\/wp-json\/wp\/v2\/product"}],"about":[{"href":"https:\/\/boutiquemariagedigital.fr\/index.php\/wp-json\/wp\/v2\/types\/product"}],"replies":[{"embeddable":true,"href":"https:\/\/boutiquemariagedigital.fr\/index.php\/wp-json\/wp\/v2\/comments?post=72503"}],"wp:featuredmedia":[{"embeddable":true,"href":"https:\/\/boutiquemariagedigital.fr\/index.php\/wp-json\/wp\/v2\/media\/72511"}],"wp:attachment":[{"href":"https:\/\/boutiquemariagedigital.fr\/index.php\/wp-json\/wp\/v2\/media?parent=72503"}],"wp:term":[{"taxonomy":"product_brand","embeddable":true,"href":"https:\/\/boutiquemariagedigital.fr\/index.php\/wp-json\/wp\/v2\/product_brand?post=72503"},{"taxonomy":"product_cat","embeddable":true,"href":"https:\/\/boutiquemariagedigital.fr\/index.php\/wp-json\/wp\/v2\/product_cat?post=72503"},{"taxonomy":"product_tag","embeddable":true,"href":"https:\/\/boutiquemariagedigital.fr\/index.php\/wp-json\/wp\/v2\/product_tag?post=72503"}],"curies":[{"name":"wp","href":"https:\/\/api.w.org\/{rel}","templated":true}]}}