{"id":72537,"date":"2025-03-31T13:02:43","date_gmt":"2025-03-31T11:02:43","guid":{"rendered":"https:\/\/boutiquemariagedigital.fr\/?post_type=product&#038;p=72537"},"modified":"2026-02-12T15:48:27","modified_gmt":"2026-02-12T14:48:27","slug":"faire-part-horizontal-coeur-et-feuilles-copie","status":"publish","type":"product","link":"https:\/\/boutiquemariagedigital.fr\/index.php\/product\/faire-part-horizontal-coeur-et-feuilles-copie\/","title":{"rendered":"Faire-part carr\u00e9"},"content":{"rendered":"<h3 data-prosemirror-content-type=\"node\" data-prosemirror-node-name=\"paragraph\" data-prosemirror-node-block=\"true\" data-pm-slice=\"1 3 []\"><strong data-prosemirror-content-type=\"mark\" data-prosemirror-mark-name=\"strong\">Utilisations principales :<\/strong><\/h3>\n<ul class=\"ak-ul\" data-prosemirror-content-type=\"node\" data-prosemirror-node-name=\"bulletList\" data-prosemirror-node-block=\"true\">\n<li data-prosemirror-content-type=\"node\" data-prosemirror-node-name=\"listItem\" data-prosemirror-node-block=\"true\">\n<p data-prosemirror-content-type=\"node\" data-prosemirror-node-name=\"paragraph\" data-prosemirror-node-block=\"true\">Faire-part de mariage personnalis\u00e9.<\/p>\n<\/li>\n<li data-prosemirror-content-type=\"node\" data-prosemirror-node-name=\"listItem\" data-prosemirror-node-block=\"true\">\n<p data-prosemirror-content-type=\"node\" data-prosemirror-node-name=\"paragraph\" data-prosemirror-node-block=\"true\">Invitation \u00e9l\u00e9gante pour un anniversaire, bapt\u00eame ou \u00e9v\u00e9nement sp\u00e9cial.<\/p>\n<\/li>\n<li data-prosemirror-content-type=\"node\" data-prosemirror-node-name=\"listItem\" data-prosemirror-node-block=\"true\">\n<p data-prosemirror-content-type=\"node\" data-prosemirror-node-name=\"paragraph\" data-prosemirror-node-block=\"true\">Souvenir \u00e0 conserver en m\u00e9moire d\u2019un jour important.<\/p>\n<\/li>\n<\/ul>\n<p><b style=\"color: #333333; font-size: 22px;\">Personnalisation :\u00a0<\/b><\/p>\n<ul>\n<li style=\"font-weight: 400;\" aria-level=\"1\"><b>Personnalisation :<\/b><span style=\"font-weight: 400;\"> Possibilit\u00e9 de personnaliser avec n&rsquo;importe quel pr\u00e9nom, date, titre ou m\u00eame un mot sp\u00e9cial<\/span><\/li>\n<li style=\"font-weight: 400;\" aria-level=\"1\"><b>Police d&rsquo;\u00e9criture :<\/b><span style=\"font-weight: 400;\"> Style de police \u00e9l\u00e9gant et lisible, adapt\u00e9 \u00e0 tous les types d&rsquo;\u00e9v\u00e9nements<\/span><\/li>\n<li style=\"font-weight: 400;\" aria-level=\"1\"><b>Ajout possible de petits symboles<\/b><span style=\"font-weight: 400;\"> comme des c\u0153urs, feuillages, ou silhouettes personnalis\u00e9es<\/span><\/li>\n<li style=\"font-weight: 400;\" aria-level=\"1\"><b>Couleur<\/b><span style=\"font-weight: 400;\"> : Possibilit\u00e9 de peindre le bois : Sans teinte, Exotique, Brun, Miel et Effet fum\u00e9<\/span><\/li>\n<\/ul>\n","protected":false},"excerpt":{"rendered":"<p data-prosemirror-content-type=\"node\" data-prosemirror-node-name=\"paragraph\" data-prosemirror-node-block=\"true\" data-pm-slice=\"1 1 []\">Ces faire-part en bois originaux et \u00e9l\u00e9gants sont une belle mani\u00e8re d\u2019annoncer votre \u00e9v\u00e9nement avec raffinement. Grav\u00e9s avec soin, ils m\u00ealent modernit\u00e9 et naturel gr\u00e2ce \u00e0 leur format carr\u00e9, leurs motifs d\u00e9coratifs et leur typographie personnalis\u00e9e. Dot\u00e9s d\u2019un syst\u00e8me d\u2019ouverture astucieux (type volet), ils surprendront vos invit\u00e9s par leur originalit\u00e9. C\u2019est une alternative durable et unique aux invitations papier traditionnelles.<\/p>\n","protected":false},"featured_media":72577,"comment_status":"open","ping_status":"closed","template":"","meta":{"_et_pb_use_builder":"","_et_pb_old_content":"","_et_gb_content_width":""},"product_brand":[],"product_cat":[51],"product_tag":[],"class_list":{"0":"post-72537","1":"product","2":"type-product","3":"status-publish","4":"has-post-thumbnail","6":"product_cat-cadeaux-souvenirs","8":"first","9":"instock","10":"taxable","11":"shipping-taxable","12":"purchasable","13":"product-type-variable"},"_links":{"self":[{"href":"https:\/\/boutiquemariagedigital.fr\/index.php\/wp-json\/wp\/v2\/product\/72537","targetHints":{"allow":["GET"]}}],"collection":[{"href":"https:\/\/boutiquemariagedigital.fr\/index.php\/wp-json\/wp\/v2\/product"}],"about":[{"href":"https:\/\/boutiquemariagedigital.fr\/index.php\/wp-json\/wp\/v2\/types\/product"}],"replies":[{"embeddable":true,"href":"https:\/\/boutiquemariagedigital.fr\/index.php\/wp-json\/wp\/v2\/comments?post=72537"}],"wp:featuredmedia":[{"embeddable":true,"href":"https:\/\/boutiquemariagedigital.fr\/index.php\/wp-json\/wp\/v2\/media\/72577"}],"wp:attachment":[{"href":"https:\/\/boutiquemariagedigital.fr\/index.php\/wp-json\/wp\/v2\/media?parent=72537"}],"wp:term":[{"taxonomy":"product_brand","embeddable":true,"href":"https:\/\/boutiquemariagedigital.fr\/index.php\/wp-json\/wp\/v2\/product_brand?post=72537"},{"taxonomy":"product_cat","embeddable":true,"href":"https:\/\/boutiquemariagedigital.fr\/index.php\/wp-json\/wp\/v2\/product_cat?post=72537"},{"taxonomy":"product_tag","embeddable":true,"href":"https:\/\/boutiquemariagedigital.fr\/index.php\/wp-json\/wp\/v2\/product_tag?post=72537"}],"curies":[{"name":"wp","href":"https:\/\/api.w.org\/{rel}","templated":true}]}}