{"id":72595,"date":"2025-03-31T13:38:55","date_gmt":"2025-03-31T11:38:55","guid":{"rendered":"https:\/\/boutiquemariagedigital.fr\/?post_type=product&#038;p=72595"},"modified":"2026-02-11T15:53:48","modified_gmt":"2026-02-11T14:53:48","slug":"panneaux-exemple","status":"publish","type":"product","link":"https:\/\/boutiquemariagedigital.fr\/index.php\/product\/panneaux-exemple\/","title":{"rendered":"Panneau Publicitaire"},"content":{"rendered":"<h3 data-prosemirror-content-type=\"node\" data-prosemirror-node-name=\"paragraph\" data-prosemirror-node-block=\"true\"><strong data-prosemirror-content-type=\"mark\" data-prosemirror-mark-name=\"strong\">Utilisations principales :<\/strong><\/h3>\n<ul>\n<li data-prosemirror-content-type=\"node\" data-prosemirror-node-name=\"paragraph\" data-prosemirror-node-block=\"true\"><strong data-prosemirror-content-type=\"mark\" data-prosemirror-mark-name=\"strong\">Cadre personnalis\u00e9 pour photo ou message<\/strong> : \u00c0 exposer \u00e0 l\u2019entr\u00e9e de votre lieu de r\u00e9ception ou sur une table d\u2019honneur<\/li>\n<li data-prosemirror-content-type=\"node\" data-prosemirror-node-name=\"paragraph\" data-prosemirror-node-block=\"true\"><strong data-prosemirror-content-type=\"mark\" data-prosemirror-mark-name=\"strong\">D\u00e9coration unique<\/strong> : Parfait pour int\u00e9grer \u00e0 votre th\u00e8me de mariage, d&rsquo;anniversaire ou tout autre \u00e9v\u00e9nement marquant<\/li>\n<li data-prosemirror-content-type=\"node\" data-prosemirror-node-name=\"paragraph\" data-prosemirror-node-block=\"true\"><strong data-prosemirror-content-type=\"mark\" data-prosemirror-mark-name=\"strong\">Souvenir personnalisable<\/strong> : Ce panneau peut ensuite \u00eatre utilis\u00e9 comme d\u00e9coration murale avec une photo de l&rsquo;\u00e9v\u00e9nement<\/li>\n<li data-prosemirror-content-type=\"node\" data-prosemirror-node-name=\"paragraph\" data-prosemirror-node-block=\"true\"><strong data-prosemirror-content-type=\"mark\" data-prosemirror-mark-name=\"strong\">Souvenir durable<\/strong> : Une pi\u00e8ce que vous pourrez conserver et exposer dans votre int\u00e9rieur apr\u00e8s l\u2019\u00e9v\u00e9nement<\/li>\n<li style=\"list-style-type: none;\"><\/li>\n<\/ul>\n<h3 data-prosemirror-content-type=\"node\" data-prosemirror-node-name=\"heading\" data-prosemirror-node-block=\"true\"><strong data-prosemirror-content-type=\"mark\" data-prosemirror-mark-name=\"strong\">Personnalisation :<\/strong><\/h3>\n<ul>\n<li style=\"font-weight: 400;\" aria-level=\"1\"><b>Personnalisation :<\/b><span style=\"font-weight: 400;\"> Possibilit\u00e9 de personnaliser avec n&rsquo;importe quel pr\u00e9nom, date, titre ou m\u00eame un mot sp\u00e9cial<\/span><\/li>\n<li style=\"font-weight: 400;\" aria-level=\"1\"><b>Police d&rsquo;\u00e9criture :<\/b><span style=\"font-weight: 400;\"> Style de police \u00e9l\u00e9gant et lisible, adapt\u00e9 \u00e0 tous les types d&rsquo;\u00e9v\u00e9nements<\/span><\/li>\n<li aria-level=\"1\">\n<p data-prosemirror-content-type=\"node\" data-prosemirror-node-name=\"paragraph\" data-prosemirror-node-block=\"true\" data-pm-slice=\"1 1 [&quot;bulletList&quot;,null,&quot;listItem&quot;,null]\"><strong data-prosemirror-content-type=\"mark\" data-prosemirror-mark-name=\"strong\">Ajout possible de symboles<\/strong> comme des c\u0153urs, feuillages, ou silhouettes personnalis\u00e9es<\/p>\n<\/li>\n<li style=\"font-weight: 400;\" aria-level=\"1\"><b>Couleur<\/b><span style=\"font-weight: 400;\"> : Possibilit\u00e9 de peindre le bois : sans teinte, exotique, brun, miel et effet fum\u00e9<\/span><\/li>\n<li aria-level=\"1\">\n<p data-prosemirror-content-type=\"node\" data-prosemirror-node-name=\"paragraph\" data-prosemirror-node-block=\"true\" data-pm-slice=\"1 1 [&quot;bulletList&quot;,null,&quot;listItem&quot;,null]\"><strong data-prosemirror-content-type=\"mark\" data-prosemirror-mark-name=\"strong\">Option :<\/strong> support pour tableau<\/p>\n<\/li>\n<\/ul>\n<p>&nbsp;<\/p>\n","protected":false},"excerpt":{"rendered":"<p data-prosemirror-content-type=\"node\" data-prosemirror-node-name=\"paragraph\" data-prosemirror-node-block=\"true\" data-pm-slice=\"1 1 []\">Ceci sont des panneaux qui peuvent vous servir d\u2019exemples pour vos moments sp\u00e9ciaux. Faites nous parvenir vos projets et on s&rsquo;occupera de les rendre r\u00e9els !<\/p>\n","protected":false},"featured_media":72597,"comment_status":"open","ping_status":"closed","template":"","meta":{"_et_pb_use_builder":"","_et_pb_old_content":"","_et_gb_content_width":""},"product_brand":[],"product_cat":[48],"product_tag":[],"class_list":{"0":"post-72595","1":"product","2":"type-product","3":"status-publish","4":"has-post-thumbnail","6":"product_cat-signaletique-en-bois","8":"first","9":"instock","10":"taxable","11":"shipping-taxable","12":"purchasable","13":"product-type-variable"},"_links":{"self":[{"href":"https:\/\/boutiquemariagedigital.fr\/index.php\/wp-json\/wp\/v2\/product\/72595","targetHints":{"allow":["GET"]}}],"collection":[{"href":"https:\/\/boutiquemariagedigital.fr\/index.php\/wp-json\/wp\/v2\/product"}],"about":[{"href":"https:\/\/boutiquemariagedigital.fr\/index.php\/wp-json\/wp\/v2\/types\/product"}],"replies":[{"embeddable":true,"href":"https:\/\/boutiquemariagedigital.fr\/index.php\/wp-json\/wp\/v2\/comments?post=72595"}],"wp:featuredmedia":[{"embeddable":true,"href":"https:\/\/boutiquemariagedigital.fr\/index.php\/wp-json\/wp\/v2\/media\/72597"}],"wp:attachment":[{"href":"https:\/\/boutiquemariagedigital.fr\/index.php\/wp-json\/wp\/v2\/media?parent=72595"}],"wp:term":[{"taxonomy":"product_brand","embeddable":true,"href":"https:\/\/boutiquemariagedigital.fr\/index.php\/wp-json\/wp\/v2\/product_brand?post=72595"},{"taxonomy":"product_cat","embeddable":true,"href":"https:\/\/boutiquemariagedigital.fr\/index.php\/wp-json\/wp\/v2\/product_cat?post=72595"},{"taxonomy":"product_tag","embeddable":true,"href":"https:\/\/boutiquemariagedigital.fr\/index.php\/wp-json\/wp\/v2\/product_tag?post=72595"}],"curies":[{"name":"wp","href":"https:\/\/api.w.org\/{rel}","templated":true}]}}