{"id":72639,"date":"2025-03-31T14:32:02","date_gmt":"2025-03-31T12:32:02","guid":{"rendered":"https:\/\/boutiquemariagedigital.fr\/?post_type=product&#038;p=72639"},"modified":"2026-02-12T16:23:34","modified_gmt":"2026-02-12T15:23:34","slug":"boite-alliance-noire-en-coeur","status":"publish","type":"product","link":"https:\/\/boutiquemariagedigital.fr\/index.php\/product\/boite-alliance-noire-en-coeur\/","title":{"rendered":"Bo\u00eete alliance noire en c\u0153ur"},"content":{"rendered":"<h3 data-prosemirror-content-type=\"node\" data-prosemirror-node-name=\"paragraph\" data-prosemirror-node-block=\"true\" data-pm-slice=\"1 3 []\"><strong data-prosemirror-content-type=\"mark\" data-prosemirror-mark-name=\"strong\">Utilisations principales :<\/strong><\/h3>\n<ul>\n<li data-prosemirror-content-type=\"node\" data-prosemirror-node-name=\"paragraph\" data-prosemirror-node-block=\"true\">Pr\u00e9sentoir de bijou : Id\u00e9al pour mettre en valeur une bague lors de moments importants comme une demande en mariage ou une c\u00e9r\u00e9monie<\/li>\n<li data-prosemirror-content-type=\"node\" data-prosemirror-node-name=\"paragraph\" data-prosemirror-node-block=\"true\">D\u00e9coration \u00e9l\u00e9gante : Ajoute une touche chic \u00e0 votre int\u00e9rieur ou \u00e0 la table de pr\u00e9sentation lors d\u2019un \u00e9v\u00e9nement<\/li>\n<li data-prosemirror-content-type=\"node\" data-prosemirror-node-name=\"paragraph\" data-prosemirror-node-block=\"true\">Souvenir unique : Un objet m\u00e9morable qui peut \u00eatre conserv\u00e9 apr\u00e8s l\u2019\u00e9v\u00e9nement pour rappeler un moment sp\u00e9cial<\/li>\n<li style=\"list-style-type: none;\"><\/li>\n<\/ul>\n","protected":false},"excerpt":{"rendered":"<p data-prosemirror-content-type=\"node\" data-prosemirror-node-name=\"paragraph\" data-prosemirror-node-block=\"true\" data-pm-slice=\"1 1 []\">Cette bo\u00eete \u00e0 alliance noire avec lumi\u00e8re est un choix raffin\u00e9 pour mettre en valeur une bague ou tout autre bijou pr\u00e9cieux. Son design \u00e9l\u00e9gant et sa lumi\u00e8re subtile cr\u00e9ent une ambiance romantique et sophistiqu\u00e9e, parfaite pour des occasions sp\u00e9ciales telles que les mariages, les fian\u00e7ailles ou les anniversaires. Cet objet peut \u00e9galement servir de d\u00e9coration int\u00e9rieure et sublimer votre espace avec une touche d\u2019\u00e9l\u00e9gance intemporelle.<\/p>\n","protected":false},"featured_media":72642,"comment_status":"open","ping_status":"closed","template":"","meta":{"_et_pb_use_builder":"","_et_pb_old_content":"","_et_gb_content_width":""},"product_brand":[],"product_cat":[52],"product_tag":[],"class_list":{"0":"post-72639","1":"product","2":"type-product","3":"status-publish","4":"has-post-thumbnail","6":"product_cat-accessoires-mariage","8":"first","9":"instock","10":"taxable","11":"shipping-taxable","12":"purchasable","13":"product-type-simple"},"_links":{"self":[{"href":"https:\/\/boutiquemariagedigital.fr\/index.php\/wp-json\/wp\/v2\/product\/72639","targetHints":{"allow":["GET"]}}],"collection":[{"href":"https:\/\/boutiquemariagedigital.fr\/index.php\/wp-json\/wp\/v2\/product"}],"about":[{"href":"https:\/\/boutiquemariagedigital.fr\/index.php\/wp-json\/wp\/v2\/types\/product"}],"replies":[{"embeddable":true,"href":"https:\/\/boutiquemariagedigital.fr\/index.php\/wp-json\/wp\/v2\/comments?post=72639"}],"wp:featuredmedia":[{"embeddable":true,"href":"https:\/\/boutiquemariagedigital.fr\/index.php\/wp-json\/wp\/v2\/media\/72642"}],"wp:attachment":[{"href":"https:\/\/boutiquemariagedigital.fr\/index.php\/wp-json\/wp\/v2\/media?parent=72639"}],"wp:term":[{"taxonomy":"product_brand","embeddable":true,"href":"https:\/\/boutiquemariagedigital.fr\/index.php\/wp-json\/wp\/v2\/product_brand?post=72639"},{"taxonomy":"product_cat","embeddable":true,"href":"https:\/\/boutiquemariagedigital.fr\/index.php\/wp-json\/wp\/v2\/product_cat?post=72639"},{"taxonomy":"product_tag","embeddable":true,"href":"https:\/\/boutiquemariagedigital.fr\/index.php\/wp-json\/wp\/v2\/product_tag?post=72639"}],"curies":[{"name":"wp","href":"https:\/\/api.w.org\/{rel}","templated":true}]}}