{"id":72721,"date":"2025-03-31T16:22:46","date_gmt":"2025-03-31T14:22:46","guid":{"rendered":"https:\/\/boutiquemariagedigital.fr\/?post_type=product&#038;p=72721"},"modified":"2026-02-12T16:22:03","modified_gmt":"2026-02-12T15:22:03","slug":"boite-a-alliance-transparente-hexagonale","status":"publish","type":"product","link":"https:\/\/boutiquemariagedigital.fr\/index.php\/product\/boite-a-alliance-transparente-hexagonale\/","title":{"rendered":"Bo\u00eete \u00e0 alliance transparente hexagonale"},"content":{"rendered":"<ul>\n<li style=\"list-style-type: none;\">\n<h3 data-prosemirror-content-type=\"node\" data-prosemirror-node-name=\"paragraph\" data-prosemirror-node-block=\"true\" data-pm-slice=\"1 1 []\"><strong data-prosemirror-content-type=\"mark\" data-prosemirror-mark-name=\"strong\">Utilisations principales :<\/strong><\/h3>\n<\/li>\n<li>Pr\u00e9sentation d\u2019une bague<\/li>\n<li>Bo\u00eete \u00e0 bijou chic pour offrir un cadeau pr\u00e9cieux<\/li>\n<\/ul>\n<h3 data-prosemirror-content-type=\"node\" data-prosemirror-node-name=\"paragraph\" data-prosemirror-node-block=\"true\" data-pm-slice=\"1 1 []\"><\/h3>\n<h3 data-prosemirror-content-type=\"node\" data-prosemirror-node-name=\"paragraph\" data-prosemirror-node-block=\"true\"><strong data-prosemirror-content-type=\"mark\" data-prosemirror-mark-name=\"strong\">Personnalisation :<\/strong><\/h3>\n<ul>\n<li data-prosemirror-content-type=\"node\" data-prosemirror-node-name=\"paragraph\" data-prosemirror-node-block=\"true\">Possibilit\u00e9 de fournir une \u00e9tiquette de votre choix<\/li>\n<\/ul>\n","protected":false},"excerpt":{"rendered":"<p data-prosemirror-content-type=\"node\" data-prosemirror-node-name=\"paragraph\" data-prosemirror-node-block=\"true\" data-pm-slice=\"1 1 []\">Cette \u00e9l\u00e9gante bo\u00eete \u00e0 alliances hexagonale en plexiglas transparent est une alternative moderne et lumineuse aux \u00e9crins traditionnels. Un choix chic et original pour un mariage contemporain, qui marquera les esprits d\u00e8s l&rsquo;\u00e9change des alliances.<\/p>\n","protected":false},"featured_media":72724,"comment_status":"open","ping_status":"closed","template":"","meta":{"_et_pb_use_builder":"","_et_pb_old_content":"","_et_gb_content_width":""},"product_brand":[],"product_cat":[52],"product_tag":[],"class_list":{"0":"post-72721","1":"product","2":"type-product","3":"status-publish","4":"has-post-thumbnail","6":"product_cat-accessoires-mariage","8":"first","9":"instock","10":"taxable","11":"shipping-taxable","12":"purchasable","13":"product-type-simple"},"_links":{"self":[{"href":"https:\/\/boutiquemariagedigital.fr\/index.php\/wp-json\/wp\/v2\/product\/72721","targetHints":{"allow":["GET"]}}],"collection":[{"href":"https:\/\/boutiquemariagedigital.fr\/index.php\/wp-json\/wp\/v2\/product"}],"about":[{"href":"https:\/\/boutiquemariagedigital.fr\/index.php\/wp-json\/wp\/v2\/types\/product"}],"replies":[{"embeddable":true,"href":"https:\/\/boutiquemariagedigital.fr\/index.php\/wp-json\/wp\/v2\/comments?post=72721"}],"wp:featuredmedia":[{"embeddable":true,"href":"https:\/\/boutiquemariagedigital.fr\/index.php\/wp-json\/wp\/v2\/media\/72724"}],"wp:attachment":[{"href":"https:\/\/boutiquemariagedigital.fr\/index.php\/wp-json\/wp\/v2\/media?parent=72721"}],"wp:term":[{"taxonomy":"product_brand","embeddable":true,"href":"https:\/\/boutiquemariagedigital.fr\/index.php\/wp-json\/wp\/v2\/product_brand?post=72721"},{"taxonomy":"product_cat","embeddable":true,"href":"https:\/\/boutiquemariagedigital.fr\/index.php\/wp-json\/wp\/v2\/product_cat?post=72721"},{"taxonomy":"product_tag","embeddable":true,"href":"https:\/\/boutiquemariagedigital.fr\/index.php\/wp-json\/wp\/v2\/product_tag?post=72721"}],"curies":[{"name":"wp","href":"https:\/\/api.w.org\/{rel}","templated":true}]}}