{"id":84,"date":"2025-02-05T11:16:29","date_gmt":"2025-02-05T10:16:29","guid":{"rendered":"https:\/\/boutiquemariagedigital.fr\/?post_type=product&#038;p=84"},"modified":"2026-02-12T16:15:29","modified_gmt":"2026-02-12T15:15:29","slug":"ecrin-douceur-rustique","status":"publish","type":"product","link":"https:\/\/boutiquemariagedigital.fr\/index.php\/product\/ecrin-douceur-rustique\/","title":{"rendered":"\u00c9crin Douceur Rustique"},"content":{"rendered":"<h3 data-prosemirror-content-type=\"node\" data-prosemirror-node-name=\"paragraph\" data-prosemirror-node-block=\"true\" data-pm-slice=\"1 3 []\"><strong data-prosemirror-content-type=\"mark\" data-prosemirror-mark-name=\"strong\">Utilisations principales :<\/strong><\/h3>\n<ul class=\"ak-ul\" data-prosemirror-content-type=\"node\" data-prosemirror-node-name=\"bulletList\" data-prosemirror-node-block=\"true\">\n<li data-prosemirror-content-type=\"node\" data-prosemirror-node-name=\"listItem\" data-prosemirror-node-block=\"true\">\n<p data-prosemirror-content-type=\"node\" data-prosemirror-node-name=\"paragraph\" data-prosemirror-node-block=\"true\">Pr\u00e9sentation des alliances pendant la c\u00e9r\u00e9monie<\/p>\n<\/li>\n<li data-prosemirror-content-type=\"node\" data-prosemirror-node-name=\"listItem\" data-prosemirror-node-block=\"true\">\n<p data-prosemirror-content-type=\"node\" data-prosemirror-node-name=\"paragraph\" data-prosemirror-node-block=\"true\">Bo\u00eete souvenir \u00e0 conserver apr\u00e8s le mariage<\/p>\n<\/li>\n<li data-prosemirror-content-type=\"node\" data-prosemirror-node-name=\"listItem\" data-prosemirror-node-block=\"true\">\n<p data-prosemirror-content-type=\"node\" data-prosemirror-node-name=\"paragraph\" data-prosemirror-node-block=\"true\">\u00c9l\u00e9ment esth\u00e9tique pour vos photos de mariage<\/p>\n<\/li>\n<\/ul>\n<h3 data-prosemirror-content-type=\"node\" data-prosemirror-node-name=\"paragraph\" data-prosemirror-node-block=\"true\"><strong data-prosemirror-content-type=\"mark\" data-prosemirror-mark-name=\"strong\">Personnalisation :<\/strong><\/h3>\n<ul class=\"ak-ul\" data-prosemirror-content-type=\"node\" data-prosemirror-node-name=\"bulletList\" data-prosemirror-node-block=\"true\">\n<li data-prosemirror-content-type=\"node\" data-prosemirror-node-name=\"listItem\" data-prosemirror-node-block=\"true\">\n<p data-prosemirror-content-type=\"node\" data-prosemirror-node-name=\"paragraph\" data-prosemirror-node-block=\"true\">Possibilit\u00e9 de graver les pr\u00e9noms, initiales ou date du mariage sur le couvercle ou le fond<\/p>\n<\/li>\n<li data-prosemirror-content-type=\"node\" data-prosemirror-node-name=\"listItem\" data-prosemirror-node-block=\"true\">\n<p data-prosemirror-content-type=\"node\" data-prosemirror-node-name=\"paragraph\" data-prosemirror-node-block=\"true\">Choix de la police d\u2019\u00e9criture et ajout d\u2019un petit symbole (c\u0153ur, feuillage, \u2026)<\/p>\n<\/li>\n<\/ul>\n","protected":false},"excerpt":{"rendered":"<p data-prosemirror-content-type=\"node\" data-prosemirror-node-name=\"paragraph\" data-prosemirror-node-block=\"true\" data-pm-slice=\"1 1 []\">Cet \u00e9crin \u00e0 alliances en bois de forme hexagonale est un \u00e9crin moderne et raffin\u00e9, pens\u00e9 pour sublimer vos anneaux le jour J. Son couvercle transparent aimant\u00e9 permet de garder un \u0153il sur les alliances tout en les prot\u00e9geant \u00e9l\u00e9gamment. Un choix original qui apportera une touche design et naturelle \u00e0 votre c\u00e9r\u00e9monie.<\/p>\n","protected":false},"featured_media":72687,"comment_status":"open","ping_status":"closed","template":"","meta":{"_et_pb_use_builder":"","_et_pb_old_content":"","_et_gb_content_width":""},"product_brand":[],"product_cat":[52],"product_tag":[],"class_list":{"0":"post-84","1":"product","2":"type-product","3":"status-publish","4":"has-post-thumbnail","6":"product_cat-accessoires-mariage","8":"first","9":"instock","10":"featured","11":"taxable","12":"shipping-taxable","13":"purchasable","14":"product-type-simple"},"_links":{"self":[{"href":"https:\/\/boutiquemariagedigital.fr\/index.php\/wp-json\/wp\/v2\/product\/84","targetHints":{"allow":["GET"]}}],"collection":[{"href":"https:\/\/boutiquemariagedigital.fr\/index.php\/wp-json\/wp\/v2\/product"}],"about":[{"href":"https:\/\/boutiquemariagedigital.fr\/index.php\/wp-json\/wp\/v2\/types\/product"}],"replies":[{"embeddable":true,"href":"https:\/\/boutiquemariagedigital.fr\/index.php\/wp-json\/wp\/v2\/comments?post=84"}],"wp:featuredmedia":[{"embeddable":true,"href":"https:\/\/boutiquemariagedigital.fr\/index.php\/wp-json\/wp\/v2\/media\/72687"}],"wp:attachment":[{"href":"https:\/\/boutiquemariagedigital.fr\/index.php\/wp-json\/wp\/v2\/media?parent=84"}],"wp:term":[{"taxonomy":"product_brand","embeddable":true,"href":"https:\/\/boutiquemariagedigital.fr\/index.php\/wp-json\/wp\/v2\/product_brand?post=84"},{"taxonomy":"product_cat","embeddable":true,"href":"https:\/\/boutiquemariagedigital.fr\/index.php\/wp-json\/wp\/v2\/product_cat?post=84"},{"taxonomy":"product_tag","embeddable":true,"href":"https:\/\/boutiquemariagedigital.fr\/index.php\/wp-json\/wp\/v2\/product_tag?post=84"}],"curies":[{"name":"wp","href":"https:\/\/api.w.org\/{rel}","templated":true}]}}