{"id":93228,"date":"2026-02-13T12:52:09","date_gmt":"2026-02-13T11:52:09","guid":{"rendered":"https:\/\/boutiquemariagedigital.fr\/?post_type=product&#038;p=93228"},"modified":"2026-02-13T12:53:55","modified_gmt":"2026-02-13T11:53:55","slug":"moyen-chevalet","status":"publish","type":"product","link":"https:\/\/boutiquemariagedigital.fr\/index.php\/product\/moyen-chevalet\/","title":{"rendered":"Moyen Chevalet"},"content":{"rendered":"<h3 data-prosemirror-content-type=\"node\" data-prosemirror-node-name=\"paragraph\" data-prosemirror-node-block=\"true\" data-pm-slice=\"1 3 []\">Utilisation principale :<\/h3>\n<ul>\n<li data-prosemirror-content-type=\"node\" data-prosemirror-node-name=\"paragraph\" data-prosemirror-node-block=\"true\">Support de d\u00e9coration :mettez en valeur votre produit en utilisant ce petit chevalet ou pour donner une indication \u00e0 vos invit\u00e9s<\/li>\n<\/ul>\n","protected":false},"excerpt":{"rendered":"<p>Ce moyen chevalet sert de support \u00e0 tout objet que vous souhaitez maintenir et mettre en avant lors de vos \u00e9v\u00e9nements<\/p>\n","protected":false},"featured_media":93230,"comment_status":"open","ping_status":"closed","template":"","meta":{"_et_pb_use_builder":"","_et_pb_old_content":"","_et_gb_content_width":""},"product_brand":[],"product_cat":[49,48],"product_tag":[],"class_list":{"0":"post-93228","1":"product","2":"type-product","3":"status-publish","4":"has-post-thumbnail","6":"product_cat-decoration-de-table","7":"product_cat-signaletique-en-bois","9":"first","10":"instock","11":"taxable","12":"shipping-taxable","13":"purchasable","14":"product-type-simple"},"_links":{"self":[{"href":"https:\/\/boutiquemariagedigital.fr\/index.php\/wp-json\/wp\/v2\/product\/93228","targetHints":{"allow":["GET"]}}],"collection":[{"href":"https:\/\/boutiquemariagedigital.fr\/index.php\/wp-json\/wp\/v2\/product"}],"about":[{"href":"https:\/\/boutiquemariagedigital.fr\/index.php\/wp-json\/wp\/v2\/types\/product"}],"replies":[{"embeddable":true,"href":"https:\/\/boutiquemariagedigital.fr\/index.php\/wp-json\/wp\/v2\/comments?post=93228"}],"wp:featuredmedia":[{"embeddable":true,"href":"https:\/\/boutiquemariagedigital.fr\/index.php\/wp-json\/wp\/v2\/media\/93230"}],"wp:attachment":[{"href":"https:\/\/boutiquemariagedigital.fr\/index.php\/wp-json\/wp\/v2\/media?parent=93228"}],"wp:term":[{"taxonomy":"product_brand","embeddable":true,"href":"https:\/\/boutiquemariagedigital.fr\/index.php\/wp-json\/wp\/v2\/product_brand?post=93228"},{"taxonomy":"product_cat","embeddable":true,"href":"https:\/\/boutiquemariagedigital.fr\/index.php\/wp-json\/wp\/v2\/product_cat?post=93228"},{"taxonomy":"product_tag","embeddable":true,"href":"https:\/\/boutiquemariagedigital.fr\/index.php\/wp-json\/wp\/v2\/product_tag?post=93228"}],"curies":[{"name":"wp","href":"https:\/\/api.w.org\/{rel}","templated":true}]}}